{"id":155,"date":"2024-10-30T13:23:11","date_gmt":"2024-10-30T12:23:11","guid":{"rendered":"https:\/\/b-bmedia.cz\/zrealizuj-2\/?page_id=155"},"modified":"2025-05-08T07:32:15","modified_gmt":"2025-05-08T07:32:15","slug":"verejne-osvetleni","status":"publish","type":"page","link":"https:\/\/b-bmedia.cz\/zrealizuj-2\/verejne-osvetleni\/","title":{"rendered":"Ve\u0159ejn\u00e9 osv\u011btlen\u00ed"},"content":{"rendered":"","protected":false},"excerpt":{"rendered":"","protected":false},"author":1,"featured_media":77,"parent":0,"menu_order":0,"comment_status":"open","ping_status":"closed","template":"","meta":{"footnotes":""},"class_list":["post-155","page","type-page","status-publish","has-post-thumbnail","hentry"],"_links":{"self":[{"href":"https:\/\/b-bmedia.cz\/zrealizuj-2\/wp-json\/wp\/v2\/pages\/155","targetHints":{"allow":["GET"]}}],"collection":[{"href":"https:\/\/b-bmedia.cz\/zrealizuj-2\/wp-json\/wp\/v2\/pages"}],"about":[{"href":"https:\/\/b-bmedia.cz\/zrealizuj-2\/wp-json\/wp\/v2\/types\/page"}],"author":[{"embeddable":true,"href":"https:\/\/b-bmedia.cz\/zrealizuj-2\/wp-json\/wp\/v2\/users\/1"}],"replies":[{"embeddable":true,"href":"https:\/\/b-bmedia.cz\/zrealizuj-2\/wp-json\/wp\/v2\/comments?post=155"}],"version-history":[{"count":1,"href":"https:\/\/b-bmedia.cz\/zrealizuj-2\/wp-json\/wp\/v2\/pages\/155\/revisions"}],"predecessor-version":[{"id":156,"href":"https:\/\/b-bmedia.cz\/zrealizuj-2\/wp-json\/wp\/v2\/pages\/155\/revisions\/156"}],"wp:featuredmedia":[{"embeddable":true,"href":"https:\/\/b-bmedia.cz\/zrealizuj-2\/wp-json\/wp\/v2\/media\/77"}],"wp:attachment":[{"href":"https:\/\/b-bmedia.cz\/zrealizuj-2\/wp-json\/wp\/v2\/media?parent=155"}],"curies":[{"name":"wp","href":"https:\/\/api.w.org\/{rel}","templated":true}]}}