{"id":574,"date":"2025-05-05T13:02:52","date_gmt":"2025-05-05T11:02:52","guid":{"rendered":"https:\/\/b-bmedia.cz\/zrealizuj-2\/?post_type=product&#038;p=574"},"modified":"2025-05-05T13:02:57","modified_gmt":"2025-05-05T11:02:57","slug":"sklep-kellari-7","status":"publish","type":"product","link":"https:\/\/b-bmedia.cz\/zrealizuj-2\/produkt\/sklep-kellari-7\/","title":{"rendered":"Sklep Kellari 7"},"content":{"rendered":"<p>Kellari 7 na kl\u00ed\u010d &#8211; je rychl\u00e9 a cenov\u011b dostupn\u00e9 \u0159e\u0161en\u00ed pro skladov\u00e1n\u00ed ovoce, zeleniny, v\u00edna a dal\u0161\u00edch potravin a n\u00e1poj\u016f. Tento podzemn\u00ed sklep je vyroben z ekologick\u00e9ho polypropylenu a navr\u017een tak, aby udr\u017eel vlhkost, pl\u00edsn\u011b, hlodavce a hmyz daleko od Va\u0161ich skladovan\u00fdch v\u011bc\u00ed, co\u017e zaji\u0161\u0165uje, \u017ee budou v perfektn\u00edm stavu.<\/p>\n<p>Pohodln\u00e9 schody poskytuj\u00ed snadn\u00fd p\u0159\u00edstup do sklepa i s pln\u00fdma rukama a s celkovou plochou 4,8m3 nab\u00edz\u00ed Kellari 7 dostatek prostoru pro rodinu 5 a\u017e 6 lid\u00ed, \u010d\u00edm\u017e se st\u00e1v\u00e1 dokonal\u00fdm dopl\u0148kem Va\u0161eho domova.<\/p>\n<p>Tento sklep je 100% vodot\u011bsn\u00fd a uzav\u0159en\u00fd, co\u017e zaru\u010duje, \u017ee Va\u0161e skladovan\u00e9 v\u011bci jsou v bezpe\u010d\u00ed a dob\u0159e chr\u00e1n\u011bny. Kellari 7 je nav\u00edc neuv\u011b\u0159iteln\u011b siln\u00fd a odoln\u00fd, d\u00edky v\u00e1lcov\u00e9mu tvaru s vnit\u0159n\u00edm zes\u00edlen\u00edm, kter\u00fd dok\u00e1\u017ee snadno odolat maxim\u00e1ln\u00edmu tlaku podzemn\u00ed vody. Va\u0161e skladovan\u00e9 v\u011bci tedy z\u016fstanou chr\u00e1n\u011bny v jak\u00fdchkoliv podm\u00ednk\u00e1ch.<\/p>\n<p>Instalace Kellari 7 je rychl\u00e1 a snadn\u00e1 a nepot\u0159ebujete pro ni betonovou ochranu. V\u00fdroba t\u011bchto sklep\u016f spl\u0148uje evropsk\u00e9 normy a mnohem p\u0159\u00edsn\u011bj\u0161\u00ed DVS protokoly N\u011bmeck\u00e9 Sv\u00e1\u0159e\u010dsk\u00e9 Asociace, tak\u017ee m\u00e1te jistotu, \u017ee investujete do v\u00fdrobku nejvy\u0161\u0161\u00ed kvality.<\/p>\n<p>Nenechte se uspokojovat substandardn\u00edmi \u0159e\u0161en\u00edmi pro skladov\u00e1n\u00ed. Upgradujte na pln\u011b p\u0159edp\u0159ipraven\u00fd sklep Kellari 7 a u\u017eijte si dokonalou kombinaci pohodln\u00e9ho a spolehliv\u00e9ho skladov\u00e1n\u00ed! Ur\u010dit\u011b si zaslou\u017e\u00edte m\u00edt na sv\u00e9m vlastn\u00edm pozemku kvalitn\u00ed sklep, kter\u00fd uspokoj\u00ed Va\u0161e pot\u0159eby.<\/p>\n","protected":false},"excerpt":{"rendered":"<p>Modern\u00ed samo\u00fanosn\u00fd sklep, kter\u00fd je ide\u00e1ln\u00ed pro Va\u0161i zahradu. Vyroben s preciznost\u00ed a pln\u011b p\u0159edp\u0159ipraven pro Va\u0161e pohodl\u00ed. Je navr\u017een tak, aby byl rychle a ekonomicky nainstalov\u00e1n a pro dokon\u010den\u00ed mont\u00e1\u017ee je pot\u0159eba pouze jeden den. S pohodl\u00edm snadno p\u0159\u00edstupn\u00fdch schod\u016f, nebylo nikdy jednodu\u0161\u0161\u00ed skladovat Va\u0161e j\u00eddlo a n\u00e1poje.<\/p>\n<p><strong>P<\/strong><strong>arametry:<\/strong><\/p>\n<p>Objem (m3): 4,8<\/p>\n<div class=\"page\" title=\"Page 13\">\n<div class=\"section\">\n<div class=\"layoutArea\">\n<div class=\"column\">\n<p>Rozm\u011bry (D\u0160V, cm):\u00a0283*200*302<\/p>\n<p>V\u00e1ha (kg):\u00a0435<\/p>\n<\/div>\n<\/div>\n<\/div>\n<\/div>\n<p>Vchodov\u00e9 dve\u0159e: ano<\/p>\n<p>Izola\u010dn\u00ed vnit\u0159n\u00ed dve\u0159e: ano<\/p>\n<p>\u017deb\u0159\u00edk: ano<\/p>\n<p>Vstup: \u0161\u00edkm\u00fd<\/p>\n<p>Police: ano<\/p>\n<p>Police: Ano<\/p>\n","protected":false},"featured_media":605,"comment_status":"closed","ping_status":"closed","template":"","meta":[],"product_cat":[17],"product_tag":[],"class_list":["post-574","product","type-product","status-publish","has-post-thumbnail","hentry","product_cat-sklepy"],"_links":{"self":[{"href":"https:\/\/b-bmedia.cz\/zrealizuj-2\/wp-json\/wp\/v2\/product\/574","targetHints":{"allow":["GET"]}}],"collection":[{"href":"https:\/\/b-bmedia.cz\/zrealizuj-2\/wp-json\/wp\/v2\/product"}],"about":[{"href":"https:\/\/b-bmedia.cz\/zrealizuj-2\/wp-json\/wp\/v2\/types\/product"}],"replies":[{"embeddable":true,"href":"https:\/\/b-bmedia.cz\/zrealizuj-2\/wp-json\/wp\/v2\/comments?post=574"}],"wp:featuredmedia":[{"embeddable":true,"href":"https:\/\/b-bmedia.cz\/zrealizuj-2\/wp-json\/wp\/v2\/media\/605"}],"wp:attachment":[{"href":"https:\/\/b-bmedia.cz\/zrealizuj-2\/wp-json\/wp\/v2\/media?parent=574"}],"wp:term":[{"taxonomy":"product_cat","embeddable":true,"href":"https:\/\/b-bmedia.cz\/zrealizuj-2\/wp-json\/wp\/v2\/product_cat?post=574"},{"taxonomy":"product_tag","embeddable":true,"href":"https:\/\/b-bmedia.cz\/zrealizuj-2\/wp-json\/wp\/v2\/product_tag?post=574"}],"curies":[{"name":"wp","href":"https:\/\/api.w.org\/{rel}","templated":true}]}}