{"id":589,"date":"2025-05-05T13:02:54","date_gmt":"2025-05-05T11:02:54","guid":{"rendered":"https:\/\/b-bmedia.cz\/zrealizuj-2\/?post_type=product&#038;p=589"},"modified":"2025-05-05T13:03:06","modified_gmt":"2025-05-05T11:03:06","slug":"sklep-a-ukryt-quick-3","status":"publish","type":"product","link":"https:\/\/b-bmedia.cz\/zrealizuj-2\/produkt\/sklep-a-ukryt-quick-3\/","title":{"rendered":"Sklep a \u00fakryt Quick 3"},"content":{"rendered":"<p>Kolomaki Quick 3 je modern\u00ed a kompaktn\u00ed sklep nebo \u00fakryt s dlouh\u00fdm vchodem, kter\u00fd m\u00e1 mnoho v\u00fdhod, kv\u016fli kter\u00fdm ho jednodu\u0161e mus\u00edte m\u00edt. Je ide\u00e1ln\u00ed pro instalaci na zahrad\u011b a jeho dlouh\u00fd vchod a robustn\u00ed design v\u00e1m umo\u017en\u00ed hlubokou instalaci pod zem\u00ed &#8211; skv\u011bl\u00fd pro pou\u017eit\u00ed jako bezpe\u010dnostn\u00ed \u00fakryt.<\/p>\n<p>Tento sklep je konstruov\u00e1n z nejkvalitn\u011bj\u0161\u00edch materi\u00e1l\u016f, jako je polypropylen, beton a kovov\u00e9 v\u00fdztuhy, a to znamen\u00e1, \u017ee je vysoce trvanliv\u00fd, vzduchot\u011bsn\u00fd a vodot\u011bsn\u00fd. P\u0159in\u00e1\u0161\u00ed v\u00e1m nejen dostatek prostoru pro ulo\u017een\u00ed v\u0161ech va\u0161ich v\u011bc\u00ed, ale tak\u00e9 v\u00e1m poskytuje bezpe\u010d\u00ed a ochranu v nejist\u00fdch dob\u00e1ch, jako jsou p\u0159\u00edrodn\u00ed katastrofy nebo v\u00e1le\u010dn\u00e9 konflikty.<\/p>\n<p>M\u00e1te na v\u00fdb\u011br z n\u011bkolika rozm\u011brov\u00fdch variant na\u0161eho Kolomaki Quick 3 sklepu nebo \u00fakrytu, kter\u00e9 jsou k dispozici od 2 do 4 metr\u016f. A\u0165 u\u017e si vyberete samonosnou verzi pro rychlou instalaci nebo verzi pro betonov\u00e1n\u00ed, kter\u00e1 je dokonal\u00e1 jako \u00fakryt, zaru\u010dujeme v\u00e1m maxim\u00e1ln\u00ed flexibilitu p\u0159i pl\u00e1nov\u00e1n\u00ed a instalaci.<\/p>\n<p>Nechte se p\u0159esv\u011bd\u010dit a po\u0159i\u010fte si Kolomaki Quick 3 sklep nebo \u00fakryt je\u0161t\u011b dnes. Z\u00edsk\u00e1te tak nejen funk\u010dn\u00ed a praktick\u00fd \u00falo\u017en\u00fd prostor, ale tak\u00e9 jistotu a bezpe\u010d\u00ed pro sebe i svou rodinu. Tenhle sklep je prost\u011b skv\u011bl\u00fd a vy ho nechcete prop\u00e1snout.<\/p>\n<p>&nbsp;<\/p>\n<p><strong>Parametry:<\/strong><\/p>\n<p>&nbsp;<\/p>\n<table>\n<thead>\n<tr>\n<th>D\u00e9lka (mm)<\/th>\n<th>Plocha (m2)<\/th>\n<th>Rozm\u011bry (D\u0160V, cm)<\/th>\n<th>V\u00e1ha (k obetonov\u00e1n\u00ed\/samonosn\u00fd, kg)<\/th>\n<\/tr>\n<\/thead>\n<tbody>\n<tr>\n<td>2000<\/td>\n<td>4.4<\/td>\n<td>477*240*441,5<\/td>\n<td>570\/740<\/td>\n<\/tr>\n<tr>\n<td>3000<\/td>\n<td>6.6<\/td>\n<td>577*240*441,5<\/td>\n<td>650\/850<\/td>\n<\/tr>\n<tr>\n<td>4000<\/td>\n<td>8.8<\/td>\n<td>677*240*441,5<\/td>\n<td>730\/960<\/td>\n<\/tr>\n<\/tbody>\n<\/table>\n<p>&nbsp;<\/p>\n<p>Vchodov\u00e9 dve\u0159e: ano<\/p>\n<p><a href=\"https:\/\/www.kolomaki.com\/vnitrni-izolacni-dvere-pro-quick\/\">Izola\u010dn\u00ed vnit\u0159n\u00ed dve\u0159e: ne, voliteln\u00e9<\/a><\/p>\n<p>Schody: ano<\/p>\n<p>Vstup: vertik\u00e1ln\u00ed<\/p>\n<p>Plastov\u00e1 \u017eebra: ano<\/p>\n<p>Kovov\u00e1 v\u00fdstu\u017e: v samonosn\u00e9 verzi<\/p>\n","protected":false},"excerpt":{"rendered":"<p>Kolomaki Quick 3 je v\u0161estrann\u00fd sklep s dlouh\u00fdm vstupem, kter\u00fd umo\u017e\u0148uje hlubokou instalaci, perfektn\u00ed pro \u00fakryt. Flexibilita v\u00fdb\u011bru z r\u016fzn\u00fdch rozm\u011br\u016f a typ\u016f instalace v\u00e1m d\u00e1v\u00e1 mo\u017enost p\u0159izp\u016fsobit ho va\u0161im konkr\u00e9tn\u00edm pot\u0159eb\u00e1m.<\/p>\n","protected":false},"featured_media":612,"comment_status":"closed","ping_status":"closed","template":"","meta":[],"product_cat":[17],"product_tag":[],"class_list":["post-589","product","type-product","status-publish","has-post-thumbnail","hentry","product_cat-sklepy"],"_links":{"self":[{"href":"https:\/\/b-bmedia.cz\/zrealizuj-2\/wp-json\/wp\/v2\/product\/589","targetHints":{"allow":["GET"]}}],"collection":[{"href":"https:\/\/b-bmedia.cz\/zrealizuj-2\/wp-json\/wp\/v2\/product"}],"about":[{"href":"https:\/\/b-bmedia.cz\/zrealizuj-2\/wp-json\/wp\/v2\/types\/product"}],"replies":[{"embeddable":true,"href":"https:\/\/b-bmedia.cz\/zrealizuj-2\/wp-json\/wp\/v2\/comments?post=589"}],"wp:featuredmedia":[{"embeddable":true,"href":"https:\/\/b-bmedia.cz\/zrealizuj-2\/wp-json\/wp\/v2\/media\/612"}],"wp:attachment":[{"href":"https:\/\/b-bmedia.cz\/zrealizuj-2\/wp-json\/wp\/v2\/media?parent=589"}],"wp:term":[{"taxonomy":"product_cat","embeddable":true,"href":"https:\/\/b-bmedia.cz\/zrealizuj-2\/wp-json\/wp\/v2\/product_cat?post=589"},{"taxonomy":"product_tag","embeddable":true,"href":"https:\/\/b-bmedia.cz\/zrealizuj-2\/wp-json\/wp\/v2\/product_tag?post=589"}],"curies":[{"name":"wp","href":"https:\/\/api.w.org\/{rel}","templated":true}]}}