{"id":596,"date":"2025-05-05T13:02:54","date_gmt":"2025-05-05T11:02:54","guid":{"rendered":"https:\/\/b-bmedia.cz\/zrealizuj-2\/?post_type=product&#038;p=596"},"modified":"2025-05-05T13:03:06","modified_gmt":"2025-05-05T11:03:06","slug":"sklep-a-ukryt-quick-4","status":"publish","type":"product","link":"https:\/\/b-bmedia.cz\/zrealizuj-2\/produkt\/sklep-a-ukryt-quick-4\/","title":{"rendered":"Sklep a \u00fakryt Quick 4"},"content":{"rendered":"<p>P\u0159edstavujeme v\u00e1m Kolomaki Quick 4 &#8211; tradi\u010dn\u00ed a kompaktn\u00ed vinn\u00fd sklep nebo modern\u00ed \u00fakryt, kter\u00fd vynik\u00e1 svou kvalitou a zdokonalen\u00fdm designem. Je ide\u00e1ln\u00ed pro instalaci v kopci a d\u00edky sv\u00e9mu elegantn\u00edmu vzhledu se snadno slad\u00ed s ka\u017edou zahradou a domem, p\u0159i\u010dem\u017e zaji\u0161\u0165uje snadnou p\u0159\u00edstupnost.<\/p>\n<p>Tento sklep je pe\u010dliv\u011b vyroben z nejkvalitn\u011bj\u0161\u00edch materi\u00e1l\u016f, v\u010detn\u011b polypropylenu, betonu a kovov\u00e9 v\u00fdztuhy, co\u017e zaru\u010duje jeho dlouhou \u017eivotnost, dokonalou vzduchot\u011bsnost a vodot\u011bsnost. Krom\u011b dostate\u010dn\u00e9ho \u00falo\u017en\u00e9ho prostoru pro va\u0161e pot\u0159eby tak\u00e9 poskytuje v\u00fdbornou ochranu a bezpe\u010d\u00ed v nejist\u00fdch dob\u00e1ch, jako jsou p\u0159\u00edrodn\u00ed katastrofy nebo v\u00e1le\u010dn\u00e9 konflikty.<\/p>\n<p>M\u00e1te mo\u017enost vyb\u00edrat z n\u011bkolika rozm\u011brov\u00fdch variant na\u0161eho Kolomaki Quick 4 sklepu nebo \u00fakrytu, kter\u00e9 jsou k dispozici v rozmez\u00ed od 2 do 4 metr\u016f. Zvolit si m\u016f\u017eete mezi samonosnou verz\u00ed, kter\u00e1 je ide\u00e1ln\u00ed pro rychlou instalaci, nebo verz\u00ed pro betonov\u00e1n\u00ed, kter\u00e1 se nejl\u00e9pe hod\u00ed jako \u00fakryt. D\u00edky t\u00e9to flexibilit\u011b m\u00e1te mo\u017enost pl\u00e1novat a instalovat sklep nebo \u00fakryt p\u0159esn\u011b podle sv\u00fdch individu\u00e1ln\u00edch pot\u0159eb.<\/p>\n<p>Neot\u00e1lejte a rozhodn\u011bte se pro Kolomaki Quick 4 sklep nebo \u00fakryt je\u0161t\u011b dnes, abyste z\u00edskali funk\u010dn\u00ed a praktick\u00fd \u00falo\u017en\u00fd prostor a z\u00e1rove\u0148 jistotu a bezpe\u010d\u00ed pro v\u00e1s a va\u0161i rodinu. Tento sklep je skute\u010dn\u011b neodolateln\u00fd a ur\u010dit\u011b ho nechcete prome\u0161kat.<\/p>\n<p>&nbsp;<\/p>\n<p><strong>Parametry:<\/strong><\/p>\n<p>&nbsp;<\/p>\n<table>\n<thead>\n<tr>\n<th>D\u00e9lka (mm)<\/th>\n<th>Plocha (m2)<\/th>\n<th>Rozm\u011bry (D\u0160V, cm)<\/th>\n<th>V\u00e1ha (k obetonov\u00e1n\u00ed\/samonosn\u00fd, kg)<\/th>\n<\/tr>\n<\/thead>\n<tbody>\n<tr>\n<td>2000<\/td>\n<td>4.4<\/td>\n<td>239*240*232<\/td>\n<td>460\/630<\/td>\n<\/tr>\n<tr>\n<td>3000<\/td>\n<td>6.6<\/td>\n<td>339*240*232<\/td>\n<td>540\/740<\/td>\n<\/tr>\n<tr>\n<td>4000<\/td>\n<td>8.8<\/td>\n<td>439*240*232<\/td>\n<td>620\/850<\/td>\n<\/tr>\n<\/tbody>\n<\/table>\n<p>&nbsp;<\/p>\n<p>Vchodov\u00e9 dve\u0159e: ano<\/p>\n<p><a href=\"https:\/\/www.kolomaki.com\/vnitrni-izolacni-dvere-pro-quick\/\">Izola\u010dn\u00ed vnit\u0159n\u00ed dve\u0159e: ne, voliteln\u00e9<\/a><\/p>\n<p>Schody: ne<\/p>\n<p>Vstup: vertik\u00e1ln\u00ed<\/p>\n<p>Plastov\u00e1 \u017eebra: ano<\/p>\n<p>Kovov\u00e1 v\u00fdstu\u017e: v samonosn\u00e9 verzi<\/p>\n","protected":false},"excerpt":{"rendered":"<p>Kolomaki Quick 4 je \u0161pi\u010dkov\u00fd vinn\u00fd sklep, kter\u00fd se m\u016f\u017ee vyu\u017e\u00edt i jako \u00fakryt, d\u00edky sv\u00e9mu spojen\u00ed praktick\u00e9ho \u00falo\u017en\u00e9ho prostoru s ochranou v nejist\u00fdch dob\u00e1ch. Tento prostorn\u00fd a elegantn\u00ed sklep je ide\u00e1ln\u00ed pro ka\u017ed\u00fd d\u016fm.<\/p>\n","protected":false},"featured_media":615,"comment_status":"closed","ping_status":"closed","template":"","meta":[],"product_cat":[17],"product_tag":[],"class_list":["post-596","product","type-product","status-publish","has-post-thumbnail","hentry","product_cat-sklepy"],"_links":{"self":[{"href":"https:\/\/b-bmedia.cz\/zrealizuj-2\/wp-json\/wp\/v2\/product\/596","targetHints":{"allow":["GET"]}}],"collection":[{"href":"https:\/\/b-bmedia.cz\/zrealizuj-2\/wp-json\/wp\/v2\/product"}],"about":[{"href":"https:\/\/b-bmedia.cz\/zrealizuj-2\/wp-json\/wp\/v2\/types\/product"}],"replies":[{"embeddable":true,"href":"https:\/\/b-bmedia.cz\/zrealizuj-2\/wp-json\/wp\/v2\/comments?post=596"}],"wp:featuredmedia":[{"embeddable":true,"href":"https:\/\/b-bmedia.cz\/zrealizuj-2\/wp-json\/wp\/v2\/media\/615"}],"wp:attachment":[{"href":"https:\/\/b-bmedia.cz\/zrealizuj-2\/wp-json\/wp\/v2\/media?parent=596"}],"wp:term":[{"taxonomy":"product_cat","embeddable":true,"href":"https:\/\/b-bmedia.cz\/zrealizuj-2\/wp-json\/wp\/v2\/product_cat?post=596"},{"taxonomy":"product_tag","embeddable":true,"href":"https:\/\/b-bmedia.cz\/zrealizuj-2\/wp-json\/wp\/v2\/product_tag?post=596"}],"curies":[{"name":"wp","href":"https:\/\/api.w.org\/{rel}","templated":true}]}}