{"id":624,"date":"2025-05-05T13:03:09","date_gmt":"2025-05-05T11:03:09","guid":{"rendered":"https:\/\/b-bmedia.cz\/zrealizuj-2\/?post_type=product&#038;p=624"},"modified":"2025-05-05T13:03:24","modified_gmt":"2025-05-05T11:03:24","slug":"kovoplastove-nadrze-profi-6-17m%c2%b3","status":"publish","type":"product","link":"https:\/\/b-bmedia.cz\/zrealizuj-2\/produkt\/kovoplastove-nadrze-profi-6-17m%c2%b3\/","title":{"rendered":"Kovoplastov\u00e9 n\u00e1dr\u017ee Profi 6-17m\u00b3"},"content":{"rendered":"<h2 class=\"section-header\">N\u00e1dr\u017e Profi umo\u017e\u0148uje nasb\u00edrat de\u0161\u0165ovou vodu pro zal\u00e9v\u00e1n\u00ed zahrad, tr\u00e1vn\u00edk\u016f, travnat\u00fdch porost\u016f nebo splachov\u00e1n\u00ed.<\/h2>\n<div class=\"wprt-container\">\n<p><strong>Robustnost<\/strong><\/p>\n<p>Robustn\u00ed stavbu m\u00e1 i d\u00edky bo\u010dn\u00edm st\u011bn\u00e1m, kter\u00e9 maj\u00ed tlou\u0161\u0165ku 15 mm, co\u017e je u typu t\u011bchto n\u00e1dr\u017e\u00ed na trhu jedine\u010dn\u00e9. Nav\u00edc jsou vyztu\u017eeny osmi \u017eebry tak\u00e9 z 15 mm plastu. Uvnit\u0159 je n\u00e1dr\u017e zpevn\u011bn\u00e1 dv\u011bma horizont\u00e1ln\u00edmi a dv\u011bma vertik\u00e1ln\u00edmi vzp\u011brami.<\/p>\n<p><strong>Promy\u0161lenost<\/strong><\/p>\n<p>U\u017e samotn\u00fd n\u00e1zev napov\u00edd\u00e1 tomu, \u017ee vestav\u011bn\u00e9 p\u0159\u00edslu\u0161enstv\u00ed k\u00a0n\u00e1dr\u017ei je d\u016fkladn\u011b promy\u0161leno. Krom\u011b pochoz\u00edho poklopu, kter\u00fd je zapu\u0161t\u011bn\u00fd do zem\u011b, aby nep\u0159ek\u00e1\u017eel, v\u00a0hrdle n\u00e1dr\u017ee je je\u0161t\u011b oto\u010dn\u00fd poklop. Obsahuje d\u016fmysln\u00e9 otvory na kabely a hadice, ale z\u00e1rove\u0148 p\u0159ikr\u00fdv\u00e1 hrdlo n\u00e1dr\u017ee, aby do n\u00ed nic necht\u011bn\u011b nevpadlo. K\u00a0n\u00e1dr\u017ei je p\u0159iva\u0159en\u00fd \u017eeb\u0159\u00edk, d\u00edky kter\u00e9mu m\u016f\u017eete kdykoli kontrolovat n\u00e1dr\u017e zevnit\u0159. Uvnit\u0159 n\u00e1dr\u017ee jsou v\u0161echny \u00fachyty, kter\u00e9 pot\u0159ebujete p\u0159i pou\u017e\u00edv\u00e1n\u00ed syst\u00e9mu sb\u011bru de\u0161\u0165ov\u00e9 vody.<\/p>\n<p>M\u016f\u017eete si u n\u00e1s objednat nejen samotnou n\u00e1dr\u017e, ale k tomu i\u00a0\u010derpadlo, anebo\u00a0komplet\u00a0cel\u00e9 vybaven\u00ed ke sb\u011bru a vyu\u017eit\u00ed de\u0161\u0165ov\u00e9 vody. Pom\u016f\u017eeme i s\u00a0instalac\u00ed,\u00a0dopravou,\u00a0servisem,\u00a0projektovou dokumentac\u00ed\u00a0a\u00a0dotacemi.<\/p>\n<p>&nbsp;<\/p>\n<table width=\"418\">\n<thead>\n<tr>\n<th><strong>Profi<\/strong><\/th>\n<th><strong>Objem (l)<\/strong><\/th>\n<th><strong>Plocha tr\u00e1vn\u00edku (m2)<\/strong><\/th>\n<th><strong>Hmotnost (kg)<\/strong><\/th>\n<th><strong>Hloubka vstupu (cm)<\/strong><\/th>\n<th><strong>Rozm\u011bry (D\u0160V,cm)<\/strong><\/th>\n<\/tr>\n<\/thead>\n<tbody>\n<tr>\n<td><strong>6<\/strong><\/td>\n<td><strong>6150<\/strong><\/td>\n<td><strong>400<\/strong><\/td>\n<td><strong>260<\/strong><\/td>\n<td><strong>50<\/strong><\/td>\n<td><strong>271x192x246<\/strong><\/td>\n<\/tr>\n<tr>\n<td><strong>8<\/strong><\/td>\n<td><strong>8290<\/strong><\/td>\n<td><strong>600<\/strong><\/td>\n<td><strong>300<\/strong><\/td>\n<td><strong>50<\/strong><\/td>\n<td><strong>346\u0445192\u0445246<\/strong><\/td>\n<\/tr>\n<tr>\n<td><strong>11<\/strong><\/td>\n<td><strong>11130<\/strong><\/td>\n<td><strong>800<\/strong><\/td>\n<td><strong>340<\/strong><\/td>\n<td><strong>50<\/strong><\/td>\n<td><strong>446\u0445192\u0445246<\/strong><\/td>\n<\/tr>\n<tr>\n<td><strong>17<\/strong><\/td>\n<td><strong>17450<\/strong><\/td>\n<td><strong>1200<\/strong><\/td>\n<td><strong>550<\/strong><\/td>\n<td><strong>50<\/strong><\/td>\n<td><strong>646\u0445192\u0445248<\/strong><\/td>\n<\/tr>\n<\/tbody>\n<\/table>\n<p>&nbsp;<\/p>\n<p>&nbsp;<\/p>\n<p>Integrovan\u00fd \u017eeb\u0159\u00edk &#8211;\u00a0Ano<\/p>\n<p>Poklop Kompozit vnit\u0159n\u00ed, bezpe\u010dnostn\u00ed poklop &#8211; Ano<\/p>\n<p>Otvor s t\u011bsn\u011bn\u00edm na elektrick\u00e9 kabely &#8211; Ano<\/p>\n<p>Otvor s t\u011bsn\u011bn\u00edm na tlakov\u00e9 potrub\u00ed &#8211; Ano<\/p>\n<\/div>\n","protected":false},"excerpt":{"rendered":"<p>Kovoplastov\u00e1 n\u00e1dr\u017e Profi je vysoce kvalitn\u00ed a robustn\u00ed n\u00e1dr\u017e ur\u010den\u00e1 k sb\u00edr\u00e1n\u00ed de\u0161\u0165ov\u00e9 vody pro r\u016fzn\u00e9 \u00fa\u010dely, jako je zal\u00e9v\u00e1n\u00ed zahrad, tr\u00e1vn\u00edk\u016f, travnat\u00fdch porost\u016f nebo splachov\u00e1n\u00ed. Je navr\u017eena s d\u016frazem na odolnost a promy\u0161lenost.<\/p>\n","protected":false},"featured_media":654,"comment_status":"open","ping_status":"closed","template":"","meta":[],"product_cat":[18],"product_tag":[],"class_list":["post-624","product","type-product","status-publish","has-post-thumbnail","hentry","product_cat-nadrze-na-destovou-vodu"],"_links":{"self":[{"href":"https:\/\/b-bmedia.cz\/zrealizuj-2\/wp-json\/wp\/v2\/product\/624","targetHints":{"allow":["GET"]}}],"collection":[{"href":"https:\/\/b-bmedia.cz\/zrealizuj-2\/wp-json\/wp\/v2\/product"}],"about":[{"href":"https:\/\/b-bmedia.cz\/zrealizuj-2\/wp-json\/wp\/v2\/types\/product"}],"replies":[{"embeddable":true,"href":"https:\/\/b-bmedia.cz\/zrealizuj-2\/wp-json\/wp\/v2\/comments?post=624"}],"wp:featuredmedia":[{"embeddable":true,"href":"https:\/\/b-bmedia.cz\/zrealizuj-2\/wp-json\/wp\/v2\/media\/654"}],"wp:attachment":[{"href":"https:\/\/b-bmedia.cz\/zrealizuj-2\/wp-json\/wp\/v2\/media?parent=624"}],"wp:term":[{"taxonomy":"product_cat","embeddable":true,"href":"https:\/\/b-bmedia.cz\/zrealizuj-2\/wp-json\/wp\/v2\/product_cat?post=624"},{"taxonomy":"product_tag","embeddable":true,"href":"https:\/\/b-bmedia.cz\/zrealizuj-2\/wp-json\/wp\/v2\/product_tag?post=624"}],"curies":[{"name":"wp","href":"https:\/\/api.w.org\/{rel}","templated":true}]}}