{"id":629,"date":"2025-05-05T13:03:09","date_gmt":"2025-05-05T11:03:09","guid":{"rendered":"https:\/\/b-bmedia.cz\/zrealizuj-2\/?post_type=product&#038;p=629"},"modified":"2025-05-05T13:03:19","modified_gmt":"2025-05-05T11:03:19","slug":"biofiltr-rain-200","status":"publish","type":"product","link":"https:\/\/b-bmedia.cz\/zrealizuj-2\/produkt\/biofiltr-rain-200\/","title":{"rendered":"Biofiltr Rain 200"},"content":{"rendered":"<p>Biofiltr Rain 200 &#8211; revolu\u010dn\u00ed produkt, kter\u00fd v\u00e1s osln\u00ed sv\u00fdm \u00fa\u010dinn\u00fdm a \u0161pi\u010dkov\u00fdm v\u00fdkonem p\u0159i \u010di\u0161t\u011bn\u00ed de\u0161\u0165ov\u00e9 vody. S t\u00edmto biofiltrem si budete p\u0159\u00e1t m\u00edt svou vlastn\u00ed n\u00e1dr\u017e na de\u0161\u0165ovou vodu!<\/p>\n<p>Princip a fungov\u00e1n\u00ed biofiltru jsou prost\u011b geni\u00e1ln\u00ed. Svody de\u0161\u0165ov\u00e9 vody jsou p\u0159ipojeny k na\u0161emu Biofiltru Rain 200, kter\u00fd p\u0159ekon\u00e1v\u00e1 ve\u0161ker\u00e1 o\u010dek\u00e1v\u00e1n\u00ed. T\u011b\u017ek\u00e9 ne\u010distoty se usazuj\u00ed u dna, zat\u00edmco mechanick\u00e9 ne\u010distoty jsou zachycov\u00e1ny plovouc\u00edm uhl\u00edm. A to je teprve za\u010d\u00e1tek!<\/p>\n<p>N\u00e1\u0161 biofiltr je vybaven speci\u00e1ln\u00edm kalov\u00fdm \u010derpadlem um\u00edst\u011bn\u00fdm na dn\u011b n\u00e1dr\u017ee, kter\u00e9 p\u0159e\u010di\u0161t\u011bnou vodu dopravuje zp\u011bt do biofiltru. V horn\u00ed \u010d\u00e1sti filtru se voda setk\u00e1 s dr\u00e1\u017ekov\u00fdm rozpra\u0161ova\u010dem, kter\u00fd ji okysli\u010duje a zaji\u0161\u0165uje tak maxim\u00e1ln\u00ed kvalitu a \u010distotu.<\/p>\n<p>Ale to nen\u00ed v\u0161echno! Voda d\u00e1le putuje p\u0159es d\u0159ev\u011bnou n\u00e1pl\u0148, kter\u00e1 slou\u017e\u00ed jako nosi\u010d biofilmu. P\u0159\u00edrodn\u00ed bakterie obsa\u017een\u00e9 v biofilmu konzumuj\u00ed organick\u00e9 ne\u010distoty a usazeniny, p\u0159i\u010dem\u017e ne\u017e\u00e1douc\u00ed l\u00e1tky jsou d\u016fkladn\u011b okysli\u010deny. Nav\u00edc \u010d\u00e1st vody proch\u00e1z\u00ed drcen\u00fdm v\u00e1pencem, kter\u00fd \u00fa\u010dinn\u011b upravuje pH.<\/p>\n<p>A te\u010f voda, kter\u00e1 pro\u0161la t\u00edmto \u00fa\u017easn\u00fdm procesem \u010di\u0161t\u011bn\u00ed, je bez z\u00e1pachu, obsahuje p\u0159\u00edrodn\u00ed bakterie a je schopn\u00e1 vy\u010distit vnit\u0159n\u00ed povrch n\u00e1dr\u017ee i filtra\u010dn\u00ed elementy \u010derpadel. To zaru\u010duje jejich dlouhou \u017eivotnost a optim\u00e1ln\u00ed v\u00fdkonnost.<\/p>\n<p>Biofiltr Rain 200 je oproti standardn\u00edm biofiltr\u016fm nejen o 0,5 metru men\u0161\u00ed, ale m\u00e1 tak\u00e9 hranat\u00fd tvar jako na\u0161e obl\u00edben\u00e1 n\u00e1dr\u017e Planus. Je vybaven nastaviteln\u00fdm hrdlem a vylep\u0161en\u00fdm lapa\u010dem p\u00edsku.<\/p>\n<p>Tento biofiltr je skute\u010dn\u00fdm \u0161ampionem ve sv\u00e9m oboru. Dok\u00e1\u017ee prov\u00e9st jak biologick\u00e9, tak mechanick\u00e9 \u010di\u0161t\u011bn\u00ed de\u0161\u0165ov\u00e9 vody. A jeho unik\u00e1tn\u00ed a patentovan\u00e9 \u0159e\u0161en\u00ed je t\u00edm nejlep\u0161\u00edm, co m\u016f\u017eete m\u00edt pro opravdu \u010distou vodu.<\/p>\n","protected":false},"excerpt":{"rendered":"<p>Kompaktn\u00ed \u0161pi\u010dkov\u00fd samonosn\u00fd Biofiltr Rain 200 je v dne\u0161n\u00ed dob\u011b nejprod\u00e1van\u011bj\u0161\u00ed. Vhodn\u00fd ke v\u0161em typ\u016fm n\u00e1dr\u017e\u00ed.<\/p>\n","protected":false},"featured_media":659,"comment_status":"open","ping_status":"closed","template":"","meta":[],"product_cat":[18],"product_tag":[],"class_list":["post-629","product","type-product","status-publish","has-post-thumbnail","hentry","product_cat-nadrze-na-destovou-vodu"],"_links":{"self":[{"href":"https:\/\/b-bmedia.cz\/zrealizuj-2\/wp-json\/wp\/v2\/product\/629","targetHints":{"allow":["GET"]}}],"collection":[{"href":"https:\/\/b-bmedia.cz\/zrealizuj-2\/wp-json\/wp\/v2\/product"}],"about":[{"href":"https:\/\/b-bmedia.cz\/zrealizuj-2\/wp-json\/wp\/v2\/types\/product"}],"replies":[{"embeddable":true,"href":"https:\/\/b-bmedia.cz\/zrealizuj-2\/wp-json\/wp\/v2\/comments?post=629"}],"wp:featuredmedia":[{"embeddable":true,"href":"https:\/\/b-bmedia.cz\/zrealizuj-2\/wp-json\/wp\/v2\/media\/659"}],"wp:attachment":[{"href":"https:\/\/b-bmedia.cz\/zrealizuj-2\/wp-json\/wp\/v2\/media?parent=629"}],"wp:term":[{"taxonomy":"product_cat","embeddable":true,"href":"https:\/\/b-bmedia.cz\/zrealizuj-2\/wp-json\/wp\/v2\/product_cat?post=629"},{"taxonomy":"product_tag","embeddable":true,"href":"https:\/\/b-bmedia.cz\/zrealizuj-2\/wp-json\/wp\/v2\/product_tag?post=629"}],"curies":[{"name":"wp","href":"https:\/\/api.w.org\/{rel}","templated":true}]}}