{"id":630,"date":"2025-05-05T13:03:09","date_gmt":"2025-05-05T11:03:09","guid":{"rendered":"https:\/\/b-bmedia.cz\/zrealizuj-2\/?post_type=product&#038;p=630"},"modified":"2025-05-05T13:03:24","modified_gmt":"2025-05-05T11:03:24","slug":"samonosne-nadrze-cesky-standard-2-14m%c2%b3","status":"publish","type":"product","link":"https:\/\/b-bmedia.cz\/zrealizuj-2\/produkt\/samonosne-nadrze-cesky-standard-2-14m%c2%b3\/","title":{"rendered":"Samonosn\u00e9 n\u00e1dr\u017ee \u010cesk\u00fd Standard 2-14m\u00b3"},"content":{"rendered":"<p>U t\u00e9to n\u00e1dr\u017ee ocen\u00edte snadnou instalaci a p\u0159ipojen\u00ed. Nen\u00ed pot\u0159eba ji obetonov\u00e1vat, co\u017e sni\u017euje n\u00e1klady i \u010das instalace.<\/p>\n<p>T\u011blo n\u00e1dr\u017ee, tzv. V\u00e1lec je vyroben z vysoce kvalitn\u00edho ekopolymeru. Desky se k sob\u011b sva\u0159uj\u00ed na pln\u011b automatick\u00fdch sva\u0159ovac\u00edch stroj\u00edch. Desky se nejd\u0159\u00edve rovnom\u011brn\u011b zah\u0159ej\u00ed po cel\u00e9 sv\u00e9 d\u00e9lce, pot\u00e9 k sob\u011b p\u0159iraz\u00ed a za\u010dne proces chladnut\u00ed, kter\u00fd je spoj\u00ed na pevnost sv\u00e1ru 98%. Takov\u00fdto\u00a0 spoj zaru\u010duje vysokou pevnost a hlavn\u011b 100% vodot\u011bsnost.<\/p>\n<p>Strop n\u00e1dr\u017ee je opat\u0159en ide\u00e1ln\u00edm po\u010dtem v\u00fdztuh, kter\u00e9 jsou p\u0159iva\u0159eny ke stropn\u00ed desce extrudov\u00fdm sv\u00e1\u0159en\u00edm. Nepou\u017e\u00edv\u00e1me hork\u00fd vzduch pro sva\u0159ov\u00e1n\u00ed. Horn\u00ed deska je z ekopolymeru, kter\u00fd zaru\u010duje pevnost a z\u00e1rove\u0148 pru\u017enost. Pot\u00e9 se deska p\u0159iva\u0159\u00ed k hlavn\u00edmu v\u00e1lci.<\/p>\n<p>Dno n\u00e1dr\u017ee je staticky spo\u010d\u00edt\u00e1no tak, aby odol\u00e1valo tlak\u016fm, kter\u00e9 mohou p\u016fsobit p\u0159i vypu\u0161t\u011bn\u00ed n\u00e1dr\u017ee. Dno je p\u0159iva\u0159eno k v\u00e1lci a jsou k n\u011bmu p\u0159iva\u0159eny vnit\u0159n\u00ed HT v\u00fdztuhy, kter\u00e9 zaji\u0161\u0165uj\u00ed rovnom\u011brn\u00e9 tlaky mezi stropem a dnem.<\/p>\n<p>V\u00fdztuhy jsou nejen uvnit\u0159 n\u00e1dr\u017ee a na strop\u011b, ale tak\u00e9 po cel\u00e9m jej\u00edm obvodu. Jejich s\u00edla, d\u00e9lka a po\u010det se li\u0161\u00ed u ka\u017ed\u00e9 velikosti n\u00e1dr\u017ee. V\u00fdztuhy jsou po\u010d\u00edt\u00e1ny kv\u016fli statick\u00e9mu zat\u00ed\u017een\u00ed pro ka\u017edou n\u00e1dr\u017e zvl\u00e1\u0161\u0165.<\/p>\n<p>Revizn\u00ed \u0161achta vyrobena z ekopolymeru o pr\u016fm\u011bru 600mm je vysok\u00e1 300mm a p\u0159iva\u0159ena k n\u00e1dr\u017ei extrudery. Zaji\u0161\u0165uje pohodln\u00fd vstup do n\u00e1dr\u017ee a je dostate\u010dn\u00e9 pevn\u00e1 pro bezpe\u010dnost servisu.<\/p>\n<p>Poklop vyroben\u00fd z kompozitn\u00edho plastu je pochoz\u00ed, je navr\u017een tak, aby nevy\u010dn\u00edval nad ter\u00e9n a je dv\u011bma \u0161rouby uzamykac\u00ed, kv\u016fli zaji\u0161t\u011bn\u00ed bezpe\u010dnosti.<\/p>\n<p>&nbsp;<\/p>\n<p><strong>Standardn\u00ed v\u00fdbava n\u00e1dr\u017ee:<\/strong><br \/>\nUnik\u00e1tn\u00ed kompozitn\u00ed<br \/>\nV\u00fdztuhy vnit\u0159n\u00ed, vn\u011bj\u0161\u00ed<br \/>\nMont\u00e1\u017en\u00ed \u00fachyty<br \/>\nIntegrovan\u00e1 pr\u016fchodka pro vstup vody DN100<br \/>\nIntegrovan\u00e1 pr\u016fchodka pro bezpe\u010dnostn\u00ed p\u0159epad DN100<\/p>\n<p>&nbsp;<\/p>\n<p><strong>P\u0159\u00edplatkov\u00e1 v\u00fdbava n\u00e1dr\u017ee<\/strong><\/p>\n<p><strong><a href=\"https:\/\/eshop.ceskystandard.cz\/prislusenstvi-k-nadrzim\/\">P\u0159\u00edslu\u0161enstv\u00ed k n\u00e1dr\u017e\u00edm<\/a><\/strong><\/p>\n<p>&nbsp;<\/p>\n<p><strong>Parametry:<\/strong><\/p>\n<p>&nbsp;<\/p>\n<table width=\"329\">\n<thead>\n<tr>\n<th><strong>m\u00b3<\/strong><\/th>\n<th><strong>Objem (l)<\/strong><\/th>\n<th><strong>Rozm\u011bry vnit\u0159n\u00ed DxV (cm)<\/strong><\/th>\n<th><strong>V\u00e1ha<\/strong><strong>\u00a0(kg)<\/strong><\/th>\n<\/tr>\n<\/thead>\n<tbody>\n<tr>\n<th><strong>2<\/strong><\/th>\n<th><strong>2000<\/strong><\/th>\n<th><strong>195 x 67<\/strong><\/th>\n<th>70<\/th>\n<\/tr>\n<tr>\n<th><strong>3<\/strong><\/th>\n<th><strong>3000<\/strong><\/th>\n<th>195 x 100<\/th>\n<th><strong>81<\/strong><\/th>\n<\/tr>\n<tr>\n<th><strong>4<\/strong><\/th>\n<th><strong>4000<\/strong><\/th>\n<th>195 x 133<\/th>\n<th>94<\/th>\n<\/tr>\n<tr>\n<th><strong>5<\/strong><\/th>\n<th><strong>5000<\/strong><\/th>\n<th>195 x 175<\/th>\n<th><strong>108<\/strong><\/th>\n<\/tr>\n<tr>\n<th><strong>6<\/strong><\/th>\n<th><strong>6000<\/strong><\/th>\n<th>195 x 199<\/th>\n<th><strong>117<\/strong><\/th>\n<\/tr>\n<tr>\n<th><strong>7<\/strong><\/th>\n<th><strong>7000<\/strong><\/th>\n<th><strong>245 x 150<\/strong><\/th>\n<th><strong>145<\/strong><\/th>\n<\/tr>\n<tr>\n<th><strong>8<\/strong><\/th>\n<th><strong>8000<\/strong><\/th>\n<th>245 x 175<\/th>\n<th><strong>156<\/strong><\/th>\n<\/tr>\n<tr>\n<th><strong>9<\/strong><\/th>\n<th><strong>9000<\/strong><\/th>\n<th>245 x 199<\/th>\n<th><strong>167<\/strong><\/th>\n<\/tr>\n<tr>\n<th><strong>10<\/strong><\/th>\n<th><strong>10000<\/strong><\/th>\n<th><strong>292 x 150<\/strong><\/th>\n<th><strong>185<\/strong><\/th>\n<\/tr>\n<tr>\n<th><strong>12<\/strong><\/th>\n<th><strong>12000<\/strong><\/th>\n<th><strong>292 x 175<\/strong><\/th>\n<th><strong>202<\/strong><\/th>\n<\/tr>\n<tr>\n<th><strong>14<\/strong><\/th>\n<th><strong>14000<\/strong><\/th>\n<th><strong>292 x 199<\/strong><\/th>\n<th><strong>215<\/strong><\/th>\n<\/tr>\n<\/tbody>\n<\/table>\n","protected":false},"excerpt":{"rendered":"<p>Tradi\u010dn\u00ed reten\u010dn\u00ed samonosn\u00e1 n\u00e1dr\u017e \u010cesk\u00fd Standard s velk\u00fdm v\u00fdb\u011brem objemu. Vhodn\u00e1 pro ka\u017edou zahradu. Ekonomick\u00e1 a vyrobena pro lehkou instalaci.<\/p>\n","protected":false},"featured_media":664,"comment_status":"open","ping_status":"closed","template":"","meta":[],"product_cat":[18],"product_tag":[],"class_list":["post-630","product","type-product","status-publish","has-post-thumbnail","hentry","product_cat-nadrze-na-destovou-vodu"],"_links":{"self":[{"href":"https:\/\/b-bmedia.cz\/zrealizuj-2\/wp-json\/wp\/v2\/product\/630","targetHints":{"allow":["GET"]}}],"collection":[{"href":"https:\/\/b-bmedia.cz\/zrealizuj-2\/wp-json\/wp\/v2\/product"}],"about":[{"href":"https:\/\/b-bmedia.cz\/zrealizuj-2\/wp-json\/wp\/v2\/types\/product"}],"replies":[{"embeddable":true,"href":"https:\/\/b-bmedia.cz\/zrealizuj-2\/wp-json\/wp\/v2\/comments?post=630"}],"wp:featuredmedia":[{"embeddable":true,"href":"https:\/\/b-bmedia.cz\/zrealizuj-2\/wp-json\/wp\/v2\/media\/664"}],"wp:attachment":[{"href":"https:\/\/b-bmedia.cz\/zrealizuj-2\/wp-json\/wp\/v2\/media?parent=630"}],"wp:term":[{"taxonomy":"product_cat","embeddable":true,"href":"https:\/\/b-bmedia.cz\/zrealizuj-2\/wp-json\/wp\/v2\/product_cat?post=630"},{"taxonomy":"product_tag","embeddable":true,"href":"https:\/\/b-bmedia.cz\/zrealizuj-2\/wp-json\/wp\/v2\/product_tag?post=630"}],"curies":[{"name":"wp","href":"https:\/\/api.w.org\/{rel}","templated":true}]}}