{"id":676,"date":"2025-05-05T13:03:27","date_gmt":"2025-05-05T11:03:27","guid":{"rendered":"https:\/\/b-bmedia.cz\/zrealizuj-2\/?post_type=product&#038;p=676"},"modified":"2025-05-05T13:03:39","modified_gmt":"2025-05-05T11:03:39","slug":"nadrze-k-obetonovani-cesky-standard-2-14m%c2%b3","status":"publish","type":"product","link":"https:\/\/b-bmedia.cz\/zrealizuj-2\/produkt\/nadrze-k-obetonovani-cesky-standard-2-14m%c2%b3\/","title":{"rendered":"N\u00e1dr\u017ee k obetonov\u00e1n\u00ed \u010cesk\u00fd Standard 2-14m\u00b3"},"content":{"rendered":"<p>Tato n\u00e1dr\u017e je vhodn\u00e1 pro z\u00e1livku z\u00e1honk\u016f. Optim\u00e1ln\u00ed velikost st\u0159echy je 10 &#8211; 20m. Poklop na n\u00e1dr\u017ei je v rovin\u011b s okoln\u00ed zeminou a nep\u0159ek\u00e1\u017e\u00ed.<\/p>\n<p>Velice obl\u00edben\u00e1 n\u00e1dr\u017e pro zadr\u017eov\u00e1n\u00ed a vyu\u017e\u00edv\u00e1n\u00ed de\u0161\u0165ov\u00e9 vody. Jedn\u00e1 se o nejleh\u010d\u00ed konstrukci, kter\u00e1 i p\u0159es nutnost obetonov\u00e1n\u00ed je vyvinuta na\u0161imi projektanty a autorizovan\u00fdm statikem tak, aby spl\u0148ovala nejp\u0159\u00edsn\u011bj\u0161\u00ed krit\u00e9ria pevnosti. Tato n\u00e1dr\u017e je vyrobena z materi\u00e1lu Tepp &#8211; Tvrzen\u00fd ekopolymer propylenu, kter\u00fd svoj\u00ed pevnost\u00ed a z\u00e1rove\u0148 pru\u017enost\u00ed zaji\u0161\u0165uje jej\u00ed nejlep\u0161\u00ed stabilitu. Jej\u00ed konstrukce vylep\u0161ena o instala\u010dn\u00ed dr\u017e\u00e1ky a pr\u016fchodky pro hadice zaji\u0161\u0165uje, \u017ee p\u0159i instalaci nen\u00ed ji\u017e nic nutn\u00e9 na m\u00edst\u011b dod\u011bl\u00e1vat.. Je vhodn\u00e9 ji instalovat v p\u0159\u00edpad\u011b hor\u0161\u00edch statick\u00fdch podm\u00ednek, jako jsou skalnat\u00e9 podlo\u017e\u00ed, svahy. Hladk\u00fd povrch ekopolymeru sni\u017euje intenzitu usazov\u00e1n\u00ed ne\u010distot v n\u00e1dr\u017ei. Vn\u011bj\u0161\u00ed v\u00fdztuhy v\u00e1lce maj\u00ed ji\u017e p\u0159ipraven\u00e9 otvory pro vlo\u017een\u00ed beton\u00e1\u0159sk\u00e9 oceli. V\u00fdsledkem instalace je konstrukce zaji\u0161\u0165uj\u00edc\u00ed pevnost betonu a 100% vodot\u011bsnost polymeru.<\/p>\n<p>&nbsp;<\/p>\n<p><strong>Standardn\u00ed v\u00fdbava n\u00e1dr\u017ee:<\/strong><br \/>\nUnik\u00e1tn\u00ed kompozitn\u00ed<br \/>\nV\u00fdztuhy vnit\u0159n\u00ed, vn\u011bj\u0161\u00ed<br \/>\nMont\u00e1\u017en\u00ed \u00fachyty<br \/>\nIntegrovan\u00e1 pr\u016fchodka pro vstup vody DN100<br \/>\nIntegrovan\u00e1 pr\u016fchodka pro bezpe\u010dnostn\u00ed p\u0159epad DN100<\/p>\n<p>&nbsp;<\/p>\n<p>&nbsp;<\/p>\n<p><strong>Parametry:<\/strong><\/p>\n<p>&nbsp;<\/p>\n<table width=\"343\">\n<thead>\n<tr>\n<th><strong>m\u00b3<\/strong><\/th>\n<th><strong>Objem (l)<\/strong><\/th>\n<th><strong>Rozm\u011bry vnit\u0159n\u00ed DxV (cm)<\/strong><\/th>\n<th><strong>V\u00e1ha<\/strong><strong>\u00a0(kg)<\/strong><\/th>\n<\/tr>\n<\/thead>\n<tbody>\n<tr>\n<th><strong>2<\/strong><\/th>\n<th><strong>2000<\/strong><\/th>\n<th><strong>195 x 67<\/strong><\/th>\n<th><strong>58<\/strong><\/th>\n<\/tr>\n<tr>\n<th><strong>3<\/strong><\/th>\n<th><strong>3000<\/strong><\/th>\n<th>195 x 100<\/th>\n<th><strong>71<\/strong><\/th>\n<\/tr>\n<tr>\n<th><strong>4<\/strong><\/th>\n<th><strong>4000<\/strong><\/th>\n<th>195 x 133<\/th>\n<th><strong>83<\/strong><\/th>\n<\/tr>\n<tr>\n<th><strong>5<\/strong><\/th>\n<th><strong>5000<\/strong><\/th>\n<th>195 x 175<\/th>\n<th><strong>99<\/strong><\/th>\n<\/tr>\n<tr>\n<th><strong>6<\/strong><\/th>\n<th><strong>6000<\/strong><\/th>\n<th>195 x 199<\/th>\n<th><strong>108<\/strong><\/th>\n<\/tr>\n<tr>\n<th><strong>7<\/strong><\/th>\n<th><strong>7000<\/strong><\/th>\n<th><strong>245 x 150<\/strong><\/th>\n<th><strong>121<\/strong><\/th>\n<\/tr>\n<tr>\n<th><strong>8<\/strong><\/th>\n<th><strong>8000<\/strong><\/th>\n<th>245 x 175<\/th>\n<th><strong>133<\/strong><\/th>\n<\/tr>\n<tr>\n<th><strong>9<\/strong><\/th>\n<th><strong>9000<\/strong><\/th>\n<th>245 x 199<\/th>\n<th><strong>144<\/strong><\/th>\n<\/tr>\n<tr>\n<th><strong>10<\/strong><\/th>\n<th><strong>10000<\/strong><\/th>\n<th><strong>292 x 150<\/strong><\/th>\n<th><strong>155<\/strong><\/th>\n<\/tr>\n<tr>\n<th><strong>12<\/strong><\/th>\n<th><strong>12000<\/strong><\/th>\n<th><strong>292 x 175<\/strong><\/th>\n<th><strong>168<\/strong><\/th>\n<\/tr>\n<tr>\n<th><strong>14<\/strong><\/th>\n<th><strong>14000<\/strong><\/th>\n<th><strong>292 x 199<\/strong><\/th>\n<th><strong>182<\/strong><\/th>\n<\/tr>\n<\/tbody>\n<\/table>\n","protected":false},"excerpt":{"rendered":"<p>N\u00e1dr\u017e pro sb\u011br de\u0161\u0165ov\u00e9 vody o objemu od 2000 do 14000 litr\u016f je vhodn\u00e1 k ka\u017ed\u00e9 zahrad\u011b. Ide\u00e1ln\u00ed pro zal\u00e9v\u00e1n\u00ed zahrady nebo splachov\u00e1n\u00ed.<\/p>\n","protected":false},"featured_media":701,"comment_status":"open","ping_status":"closed","template":"","meta":[],"product_cat":[18],"product_tag":[],"class_list":["post-676","product","type-product","status-publish","has-post-thumbnail","hentry","product_cat-nadrze-na-destovou-vodu"],"_links":{"self":[{"href":"https:\/\/b-bmedia.cz\/zrealizuj-2\/wp-json\/wp\/v2\/product\/676","targetHints":{"allow":["GET"]}}],"collection":[{"href":"https:\/\/b-bmedia.cz\/zrealizuj-2\/wp-json\/wp\/v2\/product"}],"about":[{"href":"https:\/\/b-bmedia.cz\/zrealizuj-2\/wp-json\/wp\/v2\/types\/product"}],"replies":[{"embeddable":true,"href":"https:\/\/b-bmedia.cz\/zrealizuj-2\/wp-json\/wp\/v2\/comments?post=676"}],"wp:featuredmedia":[{"embeddable":true,"href":"https:\/\/b-bmedia.cz\/zrealizuj-2\/wp-json\/wp\/v2\/media\/701"}],"wp:attachment":[{"href":"https:\/\/b-bmedia.cz\/zrealizuj-2\/wp-json\/wp\/v2\/media?parent=676"}],"wp:term":[{"taxonomy":"product_cat","embeddable":true,"href":"https:\/\/b-bmedia.cz\/zrealizuj-2\/wp-json\/wp\/v2\/product_cat?post=676"},{"taxonomy":"product_tag","embeddable":true,"href":"https:\/\/b-bmedia.cz\/zrealizuj-2\/wp-json\/wp\/v2\/product_tag?post=676"}],"curies":[{"name":"wp","href":"https:\/\/api.w.org\/{rel}","templated":true}]}}