{"id":688,"date":"2025-05-05T13:03:28","date_gmt":"2025-05-05T11:03:28","guid":{"rendered":"https:\/\/b-bmedia.cz\/zrealizuj-2\/?post_type=product&#038;p=688"},"modified":"2025-05-05T13:03:35","modified_gmt":"2025-05-05T11:03:35","slug":"cistirna-odpadnich-vod-prime-7","status":"publish","type":"product","link":"https:\/\/b-bmedia.cz\/zrealizuj-2\/produkt\/cistirna-odpadnich-vod-prime-7\/","title":{"rendered":"\u010cist\u00edrna odpadn\u00edch vod Prime 7"},"content":{"rendered":"<p>P\u0159edstavujeme v\u00e1m dom\u00e1c\u00ed \u010dist\u00edrnu odpadn\u00edch vod Prime 7, l\u00eddra v kvalit\u011b \u010di\u0161t\u011bn\u00ed odpadn\u00edch vod. Pokud hled\u00e1te dokonal\u00e9 \u0159e\u0161en\u00ed pro \u010distou a ekologickou \u00fapravu odpadn\u00edch vod, Prime 7 je tu pr\u00e1v\u011b pro v\u00e1s.<\/p>\n<p>Prime 7 se m\u016f\u017ee pochlubit kompaktn\u00edmi rozm\u011bry, n\u00edzkou hmotnost\u00ed a vysokou odolnost\u00ed, co\u017e z n\u00ed \u010din\u00ed nejen praktickou volbu, ale i spolehliv\u00e9ho partnera ve va\u0161\u00ed dom\u00e1cnosti. Ale to nen\u00ed v\u0161e! Tato \u010dist\u00edrna vody nab\u00edz\u00ed celou \u0159adu dal\u0161\u00edch v\u00fdhod, kter\u00e9 v\u00e1s zcela ohrom\u00ed.<\/p>\n<p>D\u00edky automatick\u00e9 regulaci objemu aktivn\u00edho kalu si m\u016f\u017eete b\u00fdt jisti stabiln\u00ed kvalitou \u010di\u0161t\u011bn\u00ed. Prime 7 je vybaven inteligentn\u00edm SBR syst\u00e9mem, kter\u00fd se automaticky p\u0159izp\u016fsobuje intenzit\u011b n\u00e1toku odpadn\u00ed vody. To znamen\u00e1, \u017ee se nemus\u00edte starat o nastaven\u00ed nebo ru\u010dn\u00ed \u00fapravy &#8211; Prime 7 se postar\u00e1 o ve\u0161ker\u00e9 detaily za v\u00e1s.<\/p>\n<p>Dal\u0161\u00ed skv\u011blou vlastnost\u00ed t\u00e9to \u010dist\u00edrny je jej\u00ed konstrukce, kter\u00e1 umo\u017e\u0148uje instalaci p\u00edskov\u00e9 filtrace. D\u00edky tomuto vylep\u0161en\u00ed bude va\u0161e odpadn\u00ed voda dokonale do\u010di\u0161t\u011bna, a to a\u017e do posledn\u00ed kapky. A co je je\u0161t\u011b lep\u0161\u00ed? Dmychadlo a \u0159\u00edd\u00edc\u00ed jednotka jsou um\u00edst\u011bny v hrdle \u010dist\u00edrny, co\u017e nejen zjednodu\u0161uje instalaci, ale tak\u00e9 zaji\u0161\u0165uje tich\u00fd chod cel\u00e9ho syst\u00e9mu.<\/p>\n<p>A co se t\u00fd\u010de \u00fadr\u017eby, Prime 7 je opravdov\u00fdm snem. Cel\u00fd syst\u00e9m nevy\u017eaduje odborn\u00fd servis ani vyv\u00e1\u017een\u00ed kalu fek\u00e1ln\u00edm vozem. To znamen\u00e1, \u017ee si u\u017e nebudete muset d\u011blat starosti s pravideln\u00fdmi n\u00e1v\u0161t\u011bvami technik\u016f nebo slo\u017eit\u00fdmi procesy vyv\u00e1\u017een\u00ed. Prime 7 je jednoduch\u00fd, spolehliv\u00fd a efektivn\u00ed.<\/p>\n<p>A co s p\u0159ebyte\u010dn\u00fdm kalem? Prime 7 v\u00e1m nab\u00edz\u00ed stabilizovan\u00fd p\u0159ebyte\u010dn\u00fd kal, kter\u00fd je perfektn\u00ed pro kompostov\u00e1n\u00ed. Tak\u017ee m\u00edsto zbyte\u010dn\u00e9ho pl\u00fdtv\u00e1n\u00ed a zat\u00ed\u017een\u00ed \u017eivotn\u00edho prost\u0159ed\u00ed se m\u016f\u017eete t\u011b\u0161it na p\u0159\u00edrodn\u00ed a udr\u017eiteln\u00e9 vyu\u017eit\u00ed odpad\u016f.<\/p>\n<p>Nav\u00edc, m\u016f\u017eete m\u00edt jistotu, \u017ee technologie \u010di\u0161t\u011bn\u00ed Prime 7 je ov\u011b\u0159ena evropskou certifikac\u00ed a je velmi obl\u00edben\u00e1 vseversk\u00fdch zem\u00edch.<\/p>\n","protected":false},"excerpt":{"rendered":"<p>Prime 7 je ultim\u00e1tn\u00ed dom\u00e1c\u00ed \u010dist\u00edrna odpadn\u00edch vod s kompaktn\u00edm designem, inteligentn\u00edmi funkcemi a evropsky certifikovanou technologi\u00ed, kter\u00e1 zaji\u0161\u0165uje bezchybnou kvalitu vody a bezprobl\u00e9movou \u00fadr\u017ebu.<\/p>\n","protected":false},"featured_media":705,"comment_status":"open","ping_status":"closed","template":"","meta":[],"product_cat":[19],"product_tag":[],"class_list":["post-688","product","type-product","status-publish","has-post-thumbnail","hentry","product_cat-odpadni-vody"],"_links":{"self":[{"href":"https:\/\/b-bmedia.cz\/zrealizuj-2\/wp-json\/wp\/v2\/product\/688","targetHints":{"allow":["GET"]}}],"collection":[{"href":"https:\/\/b-bmedia.cz\/zrealizuj-2\/wp-json\/wp\/v2\/product"}],"about":[{"href":"https:\/\/b-bmedia.cz\/zrealizuj-2\/wp-json\/wp\/v2\/types\/product"}],"replies":[{"embeddable":true,"href":"https:\/\/b-bmedia.cz\/zrealizuj-2\/wp-json\/wp\/v2\/comments?post=688"}],"wp:featuredmedia":[{"embeddable":true,"href":"https:\/\/b-bmedia.cz\/zrealizuj-2\/wp-json\/wp\/v2\/media\/705"}],"wp:attachment":[{"href":"https:\/\/b-bmedia.cz\/zrealizuj-2\/wp-json\/wp\/v2\/media?parent=688"}],"wp:term":[{"taxonomy":"product_cat","embeddable":true,"href":"https:\/\/b-bmedia.cz\/zrealizuj-2\/wp-json\/wp\/v2\/product_cat?post=688"},{"taxonomy":"product_tag","embeddable":true,"href":"https:\/\/b-bmedia.cz\/zrealizuj-2\/wp-json\/wp\/v2\/product_tag?post=688"}],"curies":[{"name":"wp","href":"https:\/\/api.w.org\/{rel}","templated":true}]}}