{"id":720,"date":"2025-05-05T13:03:41","date_gmt":"2025-05-05T11:03:41","guid":{"rendered":"https:\/\/b-bmedia.cz\/zrealizuj-2\/?post_type=product&#038;p=720"},"modified":"2025-05-05T13:03:53","modified_gmt":"2025-05-05T11:03:53","slug":"jimky-k-obetonovani-cesky-standard-2-14m%c2%b3","status":"publish","type":"product","link":"https:\/\/b-bmedia.cz\/zrealizuj-2\/produkt\/jimky-k-obetonovani-cesky-standard-2-14m%c2%b3\/","title":{"rendered":"J\u00edmky k obetonov\u00e1n\u00ed \u010cesk\u00fd Standard 2-14m\u00b3"},"content":{"rendered":"<p>Zna\u010dkov\u00e9 podzemn\u00ed j\u00edmky \u010cesk\u00fd Standard jsou ur\u010deny pro ukl\u00e1d\u00e1n\u00ed odpadn\u00edch vod u objekt\u016f na pozemc\u00edch, kter\u00e9 se nemohou napojit na st\u00e1vaj\u00edc\u00ed kanalizaci, nemohou m\u00edt z hydrogeologick\u00e9ho hlediska septik s p\u00edskov\u00fdm filtrem a vytvo\u0159en\u00fdm vsakem. J\u00edmky maj\u00ed jen n\u00e1tok, nemaj\u00ed otvor pro p\u0159epad a je nutno je vyv\u00e1\u017eet fek\u00e1ln\u00edm vozem. Odv\u011btr\u00e1n\u00ed j\u00edmky se prov\u00e1d\u00ed ve stavb\u011b nad st\u0159echu jako kom\u00ednek od napojen\u00ed odbo\u010dky pro odtok WC. J\u00edmky se vyr\u00e1b\u011bj\u00ed v \u00fapln\u011b stejn\u00fdch rozm\u011brech a objemech jako n\u00e1dr\u017ee na de\u0161\u0165ovou vodu ve t\u0159ech proveden\u00edch. Samonosn\u00e9, k obetonov\u00e1n\u00ed ( vhodn\u00e9 v bl\u00edzkosti cest ) a dvoupl\u00e1\u0161\u0165ov\u00e9 (vhodn\u00e9 do m\u00edst s v\u00fdskytem spodn\u00ed vody).<\/p>\n<p>D\u00edky speci\u00e1ln\u00edmu materi\u00e1lu Tepp &#8211; tvrzen\u00fd ekopolymer propylenu jsou velice pevn\u00e9, d\u00edky extruzn\u00edmu sva\u0159ov\u00e1n\u00ed zaji\u0161\u0165uj\u00ed 100% vodot\u011bsnost potvrzenou certifik\u00e1tem.<\/p>\n<p>V\u0161echny podzemn\u00ed j\u00edmky jsou certifikov\u00e1ny St\u00e1tn\u00edm zku\u0161ebn\u00edm \u00fastavem, potvrzen\u00e9 autorizovan\u00fdm statikem, tak\u017ee nemus\u00edte m\u00edt \u017e\u00e1dn\u00fd strach o \u017eivotn\u00ed prost\u0159ed\u00ed. Jsou ide\u00e1ln\u00ed ke kolauda\u010dn\u00edmu \u0159\u00edzen\u00ed bez dal\u0161\u00edch pot\u0159ebn\u00fdch byrokratick\u00fdch pot\u0159eb.<\/p>\n<p>&nbsp;<\/p>\n<p><strong>Standardn\u00ed v\u00fdbava j\u00edmky:<\/strong><br \/>\nUnik\u00e1tn\u00ed kompozitn\u00ed bezpe\u010dnostn\u00ed poklop<br \/>\nV\u00fdztuhy vnit\u0159n\u00ed, vn\u011bj\u0161\u00ed<br \/>\nMont\u00e1\u017en\u00ed \u00fachyty<br \/>\nIntegrovan\u00e1 pr\u016fchodka pro vstup DN160<\/p>\n<p><strong>Parametry:<\/strong><\/p>\n<table>\n<thead>\n<tr>\n<th><strong>m\u00b3<\/strong><\/th>\n<th><strong>Objem (l)<\/strong><\/th>\n<th><strong>Rozm\u011bry vnit\u0159n\u00ed DxV (cm)<\/strong><\/th>\n<th><strong>V\u00e1ha<\/strong><strong>\u00a0(kg)<\/strong><\/th>\n<\/tr>\n<\/thead>\n<tbody>\n<tr>\n<th><strong>2<\/strong><\/th>\n<th><strong>2000<\/strong><\/th>\n<th><strong>195 x 67<\/strong><\/th>\n<th><strong>58<\/strong><\/th>\n<\/tr>\n<tr>\n<th><strong>3<\/strong><\/th>\n<th><strong>3000<\/strong><\/th>\n<th>195 x 100<\/th>\n<th><strong>71<\/strong><\/th>\n<\/tr>\n<tr>\n<th><strong>4<\/strong><\/th>\n<th><strong>4000<\/strong><\/th>\n<th>195 x 133<\/th>\n<th><strong>83<\/strong><\/th>\n<\/tr>\n<tr>\n<th><strong>5<\/strong><\/th>\n<th><strong>5000<\/strong><\/th>\n<th>195 x 175<\/th>\n<th><strong>99<\/strong><\/th>\n<\/tr>\n<tr>\n<th><strong>6<\/strong><\/th>\n<th><strong>6000<\/strong><\/th>\n<th>195 x 199<\/th>\n<th><strong>108<\/strong><\/th>\n<\/tr>\n<tr>\n<th><strong>7<\/strong><\/th>\n<th><strong>7000<\/strong><\/th>\n<th><strong>245 x 150<\/strong><\/th>\n<th><strong>121<\/strong><\/th>\n<\/tr>\n<tr>\n<th><strong>8<\/strong><\/th>\n<th><strong>8000<\/strong><\/th>\n<th>245 x 175<\/th>\n<th><strong>133<\/strong><\/th>\n<\/tr>\n<tr>\n<th><strong>9<\/strong><\/th>\n<th><strong>9000<\/strong><\/th>\n<th>245 x 199<\/th>\n<th><strong>144<\/strong><\/th>\n<\/tr>\n<tr>\n<th><strong>10<\/strong><\/th>\n<th><strong>10000<\/strong><\/th>\n<th><strong>292 x 150<\/strong><\/th>\n<th><strong>155<\/strong><\/th>\n<\/tr>\n<tr>\n<th><strong>12<\/strong><\/th>\n<th><strong>12000<\/strong><\/th>\n<th><strong>292 x 175<\/strong><\/th>\n<th><strong>168<\/strong><\/th>\n<\/tr>\n<tr>\n<th><strong>14<\/strong><\/th>\n<th><strong>14000<\/strong><\/th>\n<th><strong>292 x 199<\/strong><\/th>\n<th><strong>182<\/strong><\/th>\n<\/tr>\n<\/tbody>\n<\/table>\n","protected":false},"excerpt":{"rendered":"<p>J\u00edmka k obetonov\u00e1n\u00ed zna\u010dky \u010cesk\u00fd Standard vhodn\u00e1 do j\u00edlovit\u00e9 p\u016fdy nebo pro instalaci bl\u00edzko k cest\u011b.<\/p>\n","protected":false},"featured_media":745,"comment_status":"open","ping_status":"closed","template":"","meta":[],"product_cat":[19],"product_tag":[],"class_list":["post-720","product","type-product","status-publish","has-post-thumbnail","hentry","product_cat-odpadni-vody"],"_links":{"self":[{"href":"https:\/\/b-bmedia.cz\/zrealizuj-2\/wp-json\/wp\/v2\/product\/720","targetHints":{"allow":["GET"]}}],"collection":[{"href":"https:\/\/b-bmedia.cz\/zrealizuj-2\/wp-json\/wp\/v2\/product"}],"about":[{"href":"https:\/\/b-bmedia.cz\/zrealizuj-2\/wp-json\/wp\/v2\/types\/product"}],"replies":[{"embeddable":true,"href":"https:\/\/b-bmedia.cz\/zrealizuj-2\/wp-json\/wp\/v2\/comments?post=720"}],"wp:featuredmedia":[{"embeddable":true,"href":"https:\/\/b-bmedia.cz\/zrealizuj-2\/wp-json\/wp\/v2\/media\/745"}],"wp:attachment":[{"href":"https:\/\/b-bmedia.cz\/zrealizuj-2\/wp-json\/wp\/v2\/media?parent=720"}],"wp:term":[{"taxonomy":"product_cat","embeddable":true,"href":"https:\/\/b-bmedia.cz\/zrealizuj-2\/wp-json\/wp\/v2\/product_cat?post=720"},{"taxonomy":"product_tag","embeddable":true,"href":"https:\/\/b-bmedia.cz\/zrealizuj-2\/wp-json\/wp\/v2\/product_tag?post=720"}],"curies":[{"name":"wp","href":"https:\/\/api.w.org\/{rel}","templated":true}]}}