{"id":732,"date":"2025-05-05T13:03:42","date_gmt":"2025-05-05T11:03:42","guid":{"rendered":"https:\/\/b-bmedia.cz\/zrealizuj-2\/?post_type=product&#038;p=732"},"modified":"2025-05-05T13:03:53","modified_gmt":"2025-05-05T11:03:53","slug":"dvouplastove-septiky-cesky-standard-2-14m%c2%b3","status":"publish","type":"product","link":"https:\/\/b-bmedia.cz\/zrealizuj-2\/produkt\/dvouplastove-septiky-cesky-standard-2-14m%c2%b3\/","title":{"rendered":"Dvoupl\u00e1\u0161\u0165ov\u00e9 septiky \u010cesk\u00fd Standard 2-14m\u00b3"},"content":{"rendered":"<p>St\u00e1le \u010dast\u011bji se st\u00fdk\u00e1me s\u00a0t\u00edm, \u017ee vodohospod\u00e1\u0159sk\u00fd \u00fa\u0159ad n\u00e1m nedovoluje se napojit na kanaliza\u010dn\u00ed \u0159\u00e1d z\u00a0d\u016fvodu pln\u00fdch, \u010di p\u0159et\u00ed\u017een\u00fdch kapacit. V\u00a0tomto p\u0159\u00edpad\u011b m\u00e1me dv\u011b mo\u017enosti \u0159e\u0161en\u00ed, jak nakl\u00e1dat s\u00a0odpadn\u00ed vodou.\u00a0 Pou\u017e\u00edt j\u00edmku, nebo septik.<\/p>\n<p>Septik je ide\u00e1ln\u00ed \u0159e\u0161en\u00ed, kdy uvnit\u0159 septiku jsou t\u0159i komory, ve kter\u00fdch z\u016fst\u00e1v\u00e1 kal jen v\u00a0nejv\u011bt\u0161\u00ed hlavn\u00ed komo\u0159e, ze kter\u00e9ho voda \u00a0p\u0159et\u00e9k\u00e1 do dal\u0161\u00edch komor, kde se d\u00e1le \u010dist\u00ed. Mikroby a dal\u0161\u00ed zp\u016fsoby p\u0159e\u010di\u0161t\u011bn\u00ed, jako je prokysli\u010den\u00ed uvnit\u0159 hlavn\u00ed komory se n\u00e1m staraj\u00ed o to, \u017ee kal ub\u00fdv\u00e1 a nep\u0159ib\u00fdv\u00e1 jen jako v\u00a0j\u00edmce. T\u00edm p\u00e1dem nen\u00ed pot\u0159eba kal ze septiku tak \u010dasto vyv\u00e1\u017eet.<\/p>\n<p>Voda, kter\u00e1 vyt\u00e9k\u00e1 ze septiku je na prvn\u00edm stupni p\u0159e\u010di\u0161t\u011bn\u00ed, \u00a0proto je ide\u00e1ln\u00ed \u0159e\u0161en\u00ed nainstalovat za septik zemn\u00ed p\u00edskov\u00fd filtr, kter\u00fd vodu d\u00e1le vy\u010dist\u00ed na druh\u00fd stupe\u0148.<\/p>\n<p>Takto p\u0159e\u010di\u0161t\u011bn\u00e1 voda m\u016f\u017ee b\u00fdt vsakov\u00e1na na vlastn\u00edm pozemku, zadr\u017eov\u00e1na v\u00a0n\u00e1dr\u017ei pro technick\u00e9 vyu\u017eit\u00ed, jako je zal\u00e9v\u00e1n\u00ed, myt\u00ed auta apod. Vodu je tak\u00e9 mo\u017en\u00e9 napojit na de\u0161\u0165ovou kanalizaci, do potoka, rybn\u00edka atd..<\/p>\n<p>&nbsp;<\/p>\n<p><strong>Standardn\u00ed v\u00fdbava septiku:<\/strong><br \/>\nUnik\u00e1tn\u00ed kompozitn\u00ed bezpe\u010dnostn\u00ed poklop<br \/>\nV\u00fdztuhy vnit\u0159n\u00ed, vn\u011bj\u0161\u00ed<br \/>\nMont\u00e1\u017en\u00ed \u00fachyty<br \/>\nIntegrovan\u00e1 pr\u016fchodka pro vstup DN160<br \/>\nIntegrovan\u00e1 pr\u016fchodka pro v\u00fdstup DN160<\/p>\n<p><strong>Parametry:<\/strong><\/p>\n<table>\n<thead>\n<tr>\n<th><strong>m\u00b3<\/strong><\/th>\n<th><strong>Objem (l)<\/strong><\/th>\n<th><strong>Rozm\u011bry vnit\u0159n\u00ed DxV (cm)<\/strong><\/th>\n<th><strong>V\u00e1ha (kg)<\/strong><\/th>\n<\/tr>\n<\/thead>\n<tbody>\n<tr>\n<th><strong>2<\/strong><\/th>\n<th><strong>2000<\/strong><\/th>\n<th><strong>178 x 100<\/strong><\/th>\n<th><strong>118<\/strong><\/th>\n<\/tr>\n<tr>\n<th><strong>3<\/strong><\/th>\n<th><strong>3000<\/strong><\/th>\n<th><strong>178 x 133<\/strong><\/th>\n<th><strong>133<\/strong><\/th>\n<\/tr>\n<tr>\n<th><strong>4<\/strong><\/th>\n<th><strong>4000<\/strong><\/th>\n<th><strong>178 x 175<\/strong><\/th>\n<th><strong>160<\/strong><\/th>\n<\/tr>\n<tr>\n<th><strong>5<\/strong><\/th>\n<th><strong>5000<\/strong><\/th>\n<th><strong>178 x 199<\/strong><\/th>\n<th><strong>178<\/strong><\/th>\n<\/tr>\n<tr>\n<th><strong>6<\/strong><\/th>\n<th><strong>6000<\/strong><\/th>\n<th><strong>228 x 150<\/strong><\/th>\n<th><strong>192<\/strong><\/th>\n<\/tr>\n<tr>\n<th><strong>7<\/strong><\/th>\n<th><strong>7000<\/strong><\/th>\n<th><strong>228 x 175<\/strong><\/th>\n<th><strong>212<\/strong><\/th>\n<\/tr>\n<tr>\n<th><strong>8<\/strong><\/th>\n<th><strong>8000<\/strong><\/th>\n<th><strong>228 x 199<\/strong><\/th>\n<th><strong>232<\/strong><\/th>\n<\/tr>\n<tr>\n<th><strong>9<\/strong><\/th>\n<th><strong>9000<\/strong><\/th>\n<th><strong>275 x 150<\/strong><\/th>\n<th><strong>240<\/strong><\/th>\n<\/tr>\n<tr>\n<th><strong>10<\/strong><\/th>\n<th><strong>10000<\/strong><\/th>\n<th><strong>275 x 175<\/strong><\/th>\n<th><strong>270<\/strong><\/th>\n<\/tr>\n<tr>\n<th><strong>12<\/strong><\/th>\n<th><strong>12000<\/strong><\/th>\n<th><strong>275 x 199<\/strong><\/th>\n<th><strong>290<\/strong><\/th>\n<\/tr>\n<tr>\n<th><strong>15<\/strong><\/th>\n<th><strong>15000<\/strong><\/th>\n<th><strong>310 x 200<\/strong><\/th>\n<th><strong>360<\/strong><\/th>\n<\/tr>\n<\/tbody>\n<\/table>\n","protected":false},"excerpt":{"rendered":"<p>Dvoupl\u00e1\u0161\u0165ov\u00fd septik \u010cesk\u00fd Standard pro m\u00edsta s vysok\u00fdm statick\u00fdm\u00a0zat\u00ed\u017een\u00edm a v\u00fdskytem spodn\u00ed vody.<\/p>\n","protected":false},"featured_media":748,"comment_status":"open","ping_status":"closed","template":"","meta":[],"product_cat":[19],"product_tag":[],"class_list":["post-732","product","type-product","status-publish","has-post-thumbnail","hentry","product_cat-odpadni-vody"],"_links":{"self":[{"href":"https:\/\/b-bmedia.cz\/zrealizuj-2\/wp-json\/wp\/v2\/product\/732","targetHints":{"allow":["GET"]}}],"collection":[{"href":"https:\/\/b-bmedia.cz\/zrealizuj-2\/wp-json\/wp\/v2\/product"}],"about":[{"href":"https:\/\/b-bmedia.cz\/zrealizuj-2\/wp-json\/wp\/v2\/types\/product"}],"replies":[{"embeddable":true,"href":"https:\/\/b-bmedia.cz\/zrealizuj-2\/wp-json\/wp\/v2\/comments?post=732"}],"wp:featuredmedia":[{"embeddable":true,"href":"https:\/\/b-bmedia.cz\/zrealizuj-2\/wp-json\/wp\/v2\/media\/748"}],"wp:attachment":[{"href":"https:\/\/b-bmedia.cz\/zrealizuj-2\/wp-json\/wp\/v2\/media?parent=732"}],"wp:term":[{"taxonomy":"product_cat","embeddable":true,"href":"https:\/\/b-bmedia.cz\/zrealizuj-2\/wp-json\/wp\/v2\/product_cat?post=732"},{"taxonomy":"product_tag","embeddable":true,"href":"https:\/\/b-bmedia.cz\/zrealizuj-2\/wp-json\/wp\/v2\/product_tag?post=732"}],"curies":[{"name":"wp","href":"https:\/\/api.w.org\/{rel}","templated":true}]}}