{"id":798,"date":"2025-05-05T13:04:06","date_gmt":"2025-05-05T11:04:06","guid":{"rendered":"https:\/\/b-bmedia.cz\/zrealizuj-2\/?post_type=product&#038;p=798"},"modified":"2025-05-05T13:04:10","modified_gmt":"2025-05-05T11:04:10","slug":"vsakovaci-a-retencni-sachta-kolomaki-drain-220","status":"publish","type":"product","link":"https:\/\/b-bmedia.cz\/zrealizuj-2\/produkt\/vsakovaci-a-retencni-sachta-kolomaki-drain-220\/","title":{"rendered":"Vsakovac\u00ed a reten\u010dn\u00ed \u0161achta Kolomaki Drain 220"},"content":{"rendered":"<p>Vsakovac\u00ed n\u00e1dr\u017e Kolomaki Drain 220 je optim\u00e1ln\u00edm \u0159e\u0161en\u00edm pro zachycen\u00ed a n\u00e1sledn\u00e9 vsakov\u00e1n\u00ed de\u0161\u0165ov\u00e9 nebo vy\u010di\u0161t\u011bn\u00e9 odpadn\u00ed vody do p\u016fdy. Tato n\u00e1dr\u017e je ide\u00e1ln\u00ed pro b\u011b\u017en\u011b velk\u00e9 rodinn\u00e9 domy k kombinaci s akumula\u010dn\u00ed n\u00e1dr\u017e\u00ed na de\u0161\u0165ovou vodu, \u010disti\u010dkou odpadn\u00edch vod nebo p\u0159ipojen\u00edm p\u0159\u00edmo na okap. V\u011bt\u0161inou je doporu\u010deno instalovat 1 a\u017e 10 vsakovac\u00edch a reten\u010dn\u00edch \u0161achet Kolomaki Drain 220 v z\u00e1vislosti na celkov\u00e9m po\u017eadovan\u00e9m objemu vsakov\u00e1n\u00ed.<\/p>\n<p>P\u0159i pl\u00e1nov\u00e1n\u00ed instalace je d\u016fle\u017eit\u00e9 zohlednit n\u011bkolik faktor\u016f, v\u010detn\u011b typu horniny a rychlosti vsakov\u00e1n\u00ed ve st\u0159edn\u00ed hloubce v\u00fdkopu. Je tak\u00e9 siln\u011b doporu\u010deno konzultovat v\u00fdsledky hydrogeologick\u00e9ho posudku, abyste mohli zvolit optim\u00e1ln\u00ed po\u010det a um\u00edst\u011bn\u00ed vsakovac\u00edch n\u00e1dr\u017e\u00ed Kolomaki Drain 220.<\/p>\n<p>S touhle n\u00e1dr\u017e\u00ed m\u016f\u017eete efektivn\u011b \u0159\u00eddit odtok vody, zlep\u0161it ochranu va\u0161eho domu p\u0159ed povodn\u011bmi a sou\u010dasn\u011b podpo\u0159it ekologicky \u0161etrn\u00fd zp\u016fsob nakl\u00e1d\u00e1n\u00ed s vodou. Vsakovac\u00ed n\u00e1dr\u017e Kolomaki Drain 220 je spolehliv\u00fdm a udr\u017eiteln\u00fdm \u0159e\u0161en\u00edm pro spr\u00e1vu vody ve va\u0161em dom\u011b.<\/p>\n<p>N\u00e1dr\u017ee jsou vyrobeny z ekologick\u00e9ho recyklovan\u00e9ho polypropylenu.<\/p>\n","protected":false},"excerpt":{"rendered":"<div class=\"p-short-description\" data-testid=\"productCardShortDescr\">\n<p>Vsakovac\u00ed n\u00e1dr\u017e Kolomaki Drain 220 &#8211; ide\u00e1ln\u00ed pro udr\u017eitelnou spr\u00e1vu de\u0161\u0165ov\u00e9 a vy\u010di\u0161t\u011bn\u00e9 odpadn\u00ed vody ve va\u0161em dom\u011b.<\/p>\n<\/div>\n<form id=\"product-detail-form\" class=\"pr-action\" action=\"https:\/\/www.kolomaki.com\/action\/Cart\/addCartItem\/\" method=\"post\">\n<div class=\"p-variants-block\"><\/div>\n<\/form>\n","protected":false},"featured_media":807,"comment_status":"open","ping_status":"closed","template":"","meta":[],"product_cat":[19],"product_tag":[],"class_list":["post-798","product","type-product","status-publish","has-post-thumbnail","hentry","product_cat-odpadni-vody"],"_links":{"self":[{"href":"https:\/\/b-bmedia.cz\/zrealizuj-2\/wp-json\/wp\/v2\/product\/798","targetHints":{"allow":["GET"]}}],"collection":[{"href":"https:\/\/b-bmedia.cz\/zrealizuj-2\/wp-json\/wp\/v2\/product"}],"about":[{"href":"https:\/\/b-bmedia.cz\/zrealizuj-2\/wp-json\/wp\/v2\/types\/product"}],"replies":[{"embeddable":true,"href":"https:\/\/b-bmedia.cz\/zrealizuj-2\/wp-json\/wp\/v2\/comments?post=798"}],"wp:featuredmedia":[{"embeddable":true,"href":"https:\/\/b-bmedia.cz\/zrealizuj-2\/wp-json\/wp\/v2\/media\/807"}],"wp:attachment":[{"href":"https:\/\/b-bmedia.cz\/zrealizuj-2\/wp-json\/wp\/v2\/media?parent=798"}],"wp:term":[{"taxonomy":"product_cat","embeddable":true,"href":"https:\/\/b-bmedia.cz\/zrealizuj-2\/wp-json\/wp\/v2\/product_cat?post=798"},{"taxonomy":"product_tag","embeddable":true,"href":"https:\/\/b-bmedia.cz\/zrealizuj-2\/wp-json\/wp\/v2\/product_tag?post=798"}],"curies":[{"name":"wp","href":"https:\/\/api.w.org\/{rel}","templated":true}]}}