{"id":800,"date":"2025-05-05T13:04:06","date_gmt":"2025-05-05T11:04:06","guid":{"rendered":"https:\/\/b-bmedia.cz\/zrealizuj-2\/?post_type=product&#038;p=800"},"modified":"2025-05-05T13:04:14","modified_gmt":"2025-05-05T11:04:14","slug":"cistirna-odpadnich-vod-variocomp-5k","status":"publish","type":"product","link":"https:\/\/b-bmedia.cz\/zrealizuj-2\/produkt\/cistirna-odpadnich-vod-variocomp-5k\/","title":{"rendered":"\u010cist\u00edrna odpadn\u00edch vod VARIOcomp 5K"},"content":{"rendered":"<h3>Dom\u00e1c\u00ed \u010dist\u00edrny odpadn\u00edch vod AS-VARIOcomp K: Efektivn\u00ed \u0159e\u0161en\u00ed pro Va\u0161e bydlen\u00ed<\/h3>\n<p>\u010cist\u00edrny odpadn\u00edch vod AS-VARIOcomp K jsou inovativn\u00edmi dom\u00e1c\u00edmi \u010disti\u010dkami, ur\u010den\u00fdmi zejm\u00e9na pro rodinn\u00e9 domy a rekrea\u010dn\u00ed objekty. Tato \u0161pi\u010dkov\u00e1 technologie se zam\u011b\u0159uje na spolehliv\u00fd provoz p\u0159i minim\u00e1ln\u00ed spot\u0159eb\u011b elektrick\u00e9 energie a \u0161etrnost k \u017eivotn\u00edmu prost\u0159ed\u00ed. Nav\u00edc je spojena s \u0161irokou \u0161k\u00e1lou v\u00fdhod pro u\u017eivatele.<\/p>\n<h3>V\u00fdhody \u010dist\u00edren AS-VARIOcomp K<\/h3>\n<ul>\n<li><strong>Kvalita za p\u0159ijatelnou cenu:<\/strong>\u00a0Poskytujeme nejlevn\u011bj\u0161\u00ed funk\u010dn\u00ed \u010disti\u010dky odpadn\u00edch vod bez kompromis\u016f v kvalit\u011b.<\/li>\n<li><strong>Kompletn\u00ed dod\u00e1vka:<\/strong>\u00a0V\u0161e pot\u0159ebn\u00e9, v\u010detn\u011b vstupn\u00edho kom\u00ednku a poklopu, je zahrnuto v cen\u011b.<\/li>\n<li><strong>N\u00edzk\u00e9 provozn\u00ed n\u00e1klady a spolehlivost:<\/strong>\u00a0Minimalizujeme n\u00e1klady a zaji\u0161\u0165ujeme spolehliv\u00fd provoz.<\/li>\n<li><strong>Jednoduch\u00e1 obsluha:<\/strong>\u00a0Manipulace s \u010disti\u010dkou je snadn\u00e1 a intuitivn\u00ed.<\/li>\n<li><strong>Samonosn\u00e9 proveden\u00ed:<\/strong>\u00a0Instalace nen\u00ed n\u00e1ro\u010dn\u00e1 a nevy\u017eaduje z\u00e1sadn\u00ed stavebn\u00ed pr\u00e1ce.<\/li>\n<li><strong>Profesion\u00e1ln\u00ed podpora a servis:<\/strong>\u00a0Poskytujeme z\u00e1kaznickou podporu a servis po cel\u00e9 \u010cesk\u00e9 republice.<\/li>\n<li><strong>Certifikace a legislativn\u00ed shoda:<\/strong>\u00a0Na\u0161e \u010disti\u010dky odpov\u00eddaj\u00ed legislativ\u011b EU a jsou certifikov\u00e1ny.<\/li>\n<\/ul>\n<h3>Princip \u010di\u0161t\u011bn\u00ed odpadn\u00edch vod<\/h3>\n<p>\u010cisti\u010dky odpadn\u00edch vod AS-VARIOcomp K funguj\u00ed na z\u00e1klad\u011b \u00fa\u010dinn\u00fdch biologick\u00fdch proces\u016f, kter\u00e9 prob\u00edhaj\u00ed v n\u011bkolika f\u00e1z\u00edch:<\/p>\n<ol>\n<li><strong>Usazovac\u00ed a kalov\u00fd prostor:<\/strong>\u00a0Mechanick\u00e9 ne\u010distoty jsou odstran\u011bny a l\u00e1tky podrobeny anaerobn\u00edmu rozkladu.<\/li>\n<li><strong>Aktivace:<\/strong>\u00a0Biologick\u00e9 \u010di\u0161t\u011bn\u00ed odpadn\u00ed vody prob\u00edh\u00e1 za pou\u017eit\u00ed jemnobublinn\u00e9ho provzdu\u0161\u0148ovac\u00edho syst\u00e9mu.<\/li>\n<li><strong>Nosi\u010d biomasy:<\/strong>\u00a0Zaji\u0161\u0165uje stabilitu procesu \u010di\u0161t\u011bn\u00ed.<\/li>\n<li><strong>Akumula\u010dn\u00ed prostor:<\/strong>\u00a0Umo\u017e\u0148uje rovnom\u011brn\u00fd odtok vody z \u010dist\u00edrny.<\/li>\n<li><strong>Dosazovac\u00ed prostor a od\u010derp\u00e1v\u00e1n\u00ed kalu:<\/strong>\u00a0Zde se odehr\u00e1v\u00e1 fin\u00e1ln\u00ed \u010di\u0161t\u011bn\u00ed a od\u010derp\u00e1v\u00e1n\u00ed kalu.<\/li>\n<\/ol>\n<h3>Instalace a servis<\/h3>\n<p>Instalace \u010disti\u010dky nen\u00ed obt\u00ed\u017en\u00e1 a nevy\u017eaduje slo\u017eit\u00e9 elektroinstala\u010dn\u00ed pr\u00e1ce. D\u00edky kompaktn\u00edm rozm\u011br\u016fm jsou \u010disti\u010dky snadno transportovateln\u00e9 a instalace je mo\u017en\u00e1 bez je\u0159\u00e1bu.<\/p>\n<p>N\u00e1\u0161 z\u00e1ru\u010dn\u00ed a poz\u00e1ru\u010dn\u00ed servis pokr\u00fdv\u00e1 celou \u010ceskou republiku s reak\u010dn\u00ed dobou do t\u0159\u00ed pracovn\u00edch dn\u016f. Z\u00e1rove\u0148 poskytujeme 24m\u011bs\u00ed\u010dn\u00ed z\u00e1ruku na \u010dist\u00edrny odpadn\u00edch vod a dr\u017e\u00edme certifik\u00e1t kvality ISO 9001:2000.<\/p>\n<h3>Dokumentace a statika<\/h3>\n<p>Kupn\u00ed smlouvou obdr\u017e\u00edte projek\u010dn\u00ed a instala\u010dn\u00ed podklady. Z\u00e1ru\u010dn\u00ed list zahrnuje provozn\u00ed den\u00edk, n\u00e1vod k obsluze a n\u00e1vrh provozn\u00edho \u0159\u00e1du. Statika n\u00e1dr\u017e\u00ed je navr\u017eena s ohledem na dlouhodobou odolnost.<\/p>\n<p>S na\u0161imi \u010disti\u010dkami AS-VARIOcomp K z\u00edsk\u00e1v\u00e1te efektivn\u00ed, ekologick\u00e9 a spolehliv\u00e9 \u0159e\u0161en\u00ed pro \u010di\u0161t\u011bn\u00ed odpadn\u00edch vod ve va\u0161em dom\u011b. Uka\u017ete p\u00e9\u010di o \u017eivotn\u00ed prost\u0159ed\u00ed s na\u0161imi certifikovan\u00fdmi dom\u00e1c\u00edmi \u010disti\u010dkami.<\/p>\n","protected":false},"excerpt":{"rendered":"<p>\u010cisti\u010dky odpadn\u00edch vod AS-VARIOcomp K jsou inovativn\u00edmi dom\u00e1c\u00edmi za\u0159\u00edzen\u00edmi, navr\u017een\u00fdmi pro efektivn\u00ed \u010di\u0161t\u011bn\u00ed odpadn\u00edch vod v rodinn\u00fdch domech a rekrea\u010dn\u00edch objektech. Tyto \u010disti\u010dky nab\u00edzej\u00ed spolehliv\u00fd provoz s minim\u00e1ln\u00ed spot\u0159ebou elektrick\u00e9 energie a jsou \u0161etrn\u00e9 k \u017eivotn\u00edmu prost\u0159ed\u00ed. S kompletn\u00ed dod\u00e1vkou, jednoduchou obsluhou a profesion\u00e1ln\u00edm servisem po cel\u00e9 \u010cesk\u00e9 republice p\u0159edstavuj\u00ed ide\u00e1ln\u00ed \u0159e\u0161en\u00ed pro \u00fa\u010dinn\u00e9 \u010di\u0161t\u011bn\u00ed odpadn\u00edch vod ve va\u0161em dom\u011b.<\/p>\n","protected":false},"featured_media":815,"comment_status":"open","ping_status":"closed","template":"","meta":[],"product_cat":[19],"product_tag":[],"class_list":["post-800","product","type-product","status-publish","has-post-thumbnail","hentry","product_cat-odpadni-vody"],"_links":{"self":[{"href":"https:\/\/b-bmedia.cz\/zrealizuj-2\/wp-json\/wp\/v2\/product\/800","targetHints":{"allow":["GET"]}}],"collection":[{"href":"https:\/\/b-bmedia.cz\/zrealizuj-2\/wp-json\/wp\/v2\/product"}],"about":[{"href":"https:\/\/b-bmedia.cz\/zrealizuj-2\/wp-json\/wp\/v2\/types\/product"}],"replies":[{"embeddable":true,"href":"https:\/\/b-bmedia.cz\/zrealizuj-2\/wp-json\/wp\/v2\/comments?post=800"}],"wp:featuredmedia":[{"embeddable":true,"href":"https:\/\/b-bmedia.cz\/zrealizuj-2\/wp-json\/wp\/v2\/media\/815"}],"wp:attachment":[{"href":"https:\/\/b-bmedia.cz\/zrealizuj-2\/wp-json\/wp\/v2\/media?parent=800"}],"wp:term":[{"taxonomy":"product_cat","embeddable":true,"href":"https:\/\/b-bmedia.cz\/zrealizuj-2\/wp-json\/wp\/v2\/product_cat?post=800"},{"taxonomy":"product_tag","embeddable":true,"href":"https:\/\/b-bmedia.cz\/zrealizuj-2\/wp-json\/wp\/v2\/product_tag?post=800"}],"curies":[{"name":"wp","href":"https:\/\/api.w.org\/{rel}","templated":true}]}}