{"id":803,"date":"2025-05-05T13:04:06","date_gmt":"2025-05-05T11:04:06","guid":{"rendered":"https:\/\/b-bmedia.cz\/zrealizuj-2\/?post_type=product&#038;p=803"},"modified":"2025-05-05T13:04:17","modified_gmt":"2025-05-05T11:04:17","slug":"stredni-sachta-k-obetonovani","status":"publish","type":"product","link":"https:\/\/b-bmedia.cz\/zrealizuj-2\/produkt\/stredni-sachta-k-obetonovani\/","title":{"rendered":"St\u0159edn\u00ed \u0161achta k obetonov\u00e1n\u00ed"},"content":{"rendered":"<p>\u0160achta k obetonov\u00e1n\u00ed v\u010d. poklopu, kter\u00fd nevy\u010dn\u00edv\u00e1 nad okoln\u00ed ter\u00e9n<\/p>\n","protected":false},"excerpt":{"rendered":"<p>Vodovodn\u00ed a kanaliza\u010dn\u00ed \u0161achta. Pr\u016fm\u011br \u0161achty 120cm, v\u00fd\u0161ka 130, kom\u00ednek 20cm<\/p>\n","protected":false},"featured_media":823,"comment_status":"open","ping_status":"closed","template":"","meta":[],"product_cat":[20],"product_tag":[],"class_list":["post-803","product","type-product","status-publish","has-post-thumbnail","hentry","product_cat-sachty"],"_links":{"self":[{"href":"https:\/\/b-bmedia.cz\/zrealizuj-2\/wp-json\/wp\/v2\/product\/803","targetHints":{"allow":["GET"]}}],"collection":[{"href":"https:\/\/b-bmedia.cz\/zrealizuj-2\/wp-json\/wp\/v2\/product"}],"about":[{"href":"https:\/\/b-bmedia.cz\/zrealizuj-2\/wp-json\/wp\/v2\/types\/product"}],"replies":[{"embeddable":true,"href":"https:\/\/b-bmedia.cz\/zrealizuj-2\/wp-json\/wp\/v2\/comments?post=803"}],"wp:featuredmedia":[{"embeddable":true,"href":"https:\/\/b-bmedia.cz\/zrealizuj-2\/wp-json\/wp\/v2\/media\/823"}],"wp:attachment":[{"href":"https:\/\/b-bmedia.cz\/zrealizuj-2\/wp-json\/wp\/v2\/media?parent=803"}],"wp:term":[{"taxonomy":"product_cat","embeddable":true,"href":"https:\/\/b-bmedia.cz\/zrealizuj-2\/wp-json\/wp\/v2\/product_cat?post=803"},{"taxonomy":"product_tag","embeddable":true,"href":"https:\/\/b-bmedia.cz\/zrealizuj-2\/wp-json\/wp\/v2\/product_tag?post=803"}],"curies":[{"name":"wp","href":"https:\/\/api.w.org\/{rel}","templated":true}]}}