{"id":804,"date":"2025-05-05T13:04:07","date_gmt":"2025-05-05T11:04:07","guid":{"rendered":"https:\/\/b-bmedia.cz\/zrealizuj-2\/?post_type=product&#038;p=804"},"modified":"2025-05-05T13:04:18","modified_gmt":"2025-05-05T11:04:18","slug":"stredni-sachta-samonosna","status":"publish","type":"product","link":"https:\/\/b-bmedia.cz\/zrealizuj-2\/produkt\/stredni-sachta-samonosna\/","title":{"rendered":"St\u0159edn\u00ed \u0161achta samonosn\u00e1"},"content":{"rendered":"<p>Poklop na tuto \u0161achtu je konstruovan\u00fd tak, \u017ee nikdy nep\u0159ek\u00e1\u017e\u00ed nad ter\u00e9nem.<\/p>\n","protected":false},"excerpt":{"rendered":"<p>Vodovodn\u00ed a kanaliza\u010dn\u00ed \u0161achta. Pr\u016fm\u011br \u0161achty 120cm, v\u00fd\u0161ka 130, kom\u00ednek 20cm<\/p>\n","protected":false},"featured_media":825,"comment_status":"open","ping_status":"closed","template":"","meta":[],"product_cat":[20],"product_tag":[],"class_list":["post-804","product","type-product","status-publish","has-post-thumbnail","hentry","product_cat-sachty"],"_links":{"self":[{"href":"https:\/\/b-bmedia.cz\/zrealizuj-2\/wp-json\/wp\/v2\/product\/804","targetHints":{"allow":["GET"]}}],"collection":[{"href":"https:\/\/b-bmedia.cz\/zrealizuj-2\/wp-json\/wp\/v2\/product"}],"about":[{"href":"https:\/\/b-bmedia.cz\/zrealizuj-2\/wp-json\/wp\/v2\/types\/product"}],"replies":[{"embeddable":true,"href":"https:\/\/b-bmedia.cz\/zrealizuj-2\/wp-json\/wp\/v2\/comments?post=804"}],"wp:featuredmedia":[{"embeddable":true,"href":"https:\/\/b-bmedia.cz\/zrealizuj-2\/wp-json\/wp\/v2\/media\/825"}],"wp:attachment":[{"href":"https:\/\/b-bmedia.cz\/zrealizuj-2\/wp-json\/wp\/v2\/media?parent=804"}],"wp:term":[{"taxonomy":"product_cat","embeddable":true,"href":"https:\/\/b-bmedia.cz\/zrealizuj-2\/wp-json\/wp\/v2\/product_cat?post=804"},{"taxonomy":"product_tag","embeddable":true,"href":"https:\/\/b-bmedia.cz\/zrealizuj-2\/wp-json\/wp\/v2\/product_tag?post=804"}],"curies":[{"name":"wp","href":"https:\/\/api.w.org\/{rel}","templated":true}]}}