{"id":806,"date":"2025-05-05T13:04:07","date_gmt":"2025-05-05T11:04:07","guid":{"rendered":"https:\/\/b-bmedia.cz\/zrealizuj-2\/?post_type=product&#038;p=806"},"modified":"2025-05-05T13:04:20","modified_gmt":"2025-05-05T11:04:20","slug":"velka-sachta-samonosna","status":"publish","type":"product","link":"https:\/\/b-bmedia.cz\/zrealizuj-2\/produkt\/velka-sachta-samonosna\/","title":{"rendered":"Velk\u00e1 \u0161achta samonosn\u00e1"},"content":{"rendered":"<p>Tvrzen\u00fd materi\u00e1l TEPP a kovoplastov\u00e1 v\u00fdztuha zaru\u010duj\u00ed vysokou pevnost samonosn\u00e9 \u0161achty. Tento rozm\u011br odpov\u00edd\u00e1 v\u0161em vodohospod\u00e1\u0159sk\u00fdm po\u017eadavk\u016fm<\/p>\n","protected":false},"excerpt":{"rendered":"<p>Vodovodn\u00ed a kanaliza\u010dn\u00ed \u0161achta. Pr\u016fm\u011br \u0161achty 140cm, v\u00fd\u0161ka 150, kom\u00ednek 20cm<\/p>\n","protected":false},"featured_media":829,"comment_status":"open","ping_status":"closed","template":"","meta":[],"product_cat":[20],"product_tag":[],"class_list":["post-806","product","type-product","status-publish","has-post-thumbnail","hentry","product_cat-sachty"],"_links":{"self":[{"href":"https:\/\/b-bmedia.cz\/zrealizuj-2\/wp-json\/wp\/v2\/product\/806","targetHints":{"allow":["GET"]}}],"collection":[{"href":"https:\/\/b-bmedia.cz\/zrealizuj-2\/wp-json\/wp\/v2\/product"}],"about":[{"href":"https:\/\/b-bmedia.cz\/zrealizuj-2\/wp-json\/wp\/v2\/types\/product"}],"replies":[{"embeddable":true,"href":"https:\/\/b-bmedia.cz\/zrealizuj-2\/wp-json\/wp\/v2\/comments?post=806"}],"wp:featuredmedia":[{"embeddable":true,"href":"https:\/\/b-bmedia.cz\/zrealizuj-2\/wp-json\/wp\/v2\/media\/829"}],"wp:attachment":[{"href":"https:\/\/b-bmedia.cz\/zrealizuj-2\/wp-json\/wp\/v2\/media?parent=806"}],"wp:term":[{"taxonomy":"product_cat","embeddable":true,"href":"https:\/\/b-bmedia.cz\/zrealizuj-2\/wp-json\/wp\/v2\/product_cat?post=806"},{"taxonomy":"product_tag","embeddable":true,"href":"https:\/\/b-bmedia.cz\/zrealizuj-2\/wp-json\/wp\/v2\/product_tag?post=806"}],"curies":[{"name":"wp","href":"https:\/\/api.w.org\/{rel}","templated":true}]}}